{"id":83599,"date":"2024-11-27T16:26:53","date_gmt":"2024-12-17T12:20:06","guid":{"rendered":"https:\/\/staging.nbg.eu\/product\/super-precision-t1-mount-absolute-co-witness-black\/"},"modified":"2024-12-17T12:21:56","modified_gmt":"2024-12-17T12:21:56","slug":"montage-super-precision-t1-co-witness-absolu-noir","status":"publish","type":"product","link":"https:\/\/staging.nbg.eu\/fr\/produit\/montage-super-precision-t1-co-witness-absolu-noir\/","title":{"rendered":"Montage Super Precision T1 &#8211; Co-Witness Absolu &#8211; Noir"},"content":{"rendered":"<h2>Support T1 de pr\u00e9cision &#8211; Co-vis\u00e9e absolue &#8211; Noir<\/h2>\n<p>Support con\u00e7u pour les viseurs point rouge Aimpoint T1 et similaires. Fabriqu\u00e9 \u00e0 partir d&rsquo;une seule pi\u00e8ce d&rsquo;aluminium 7075-T6.<\/p>\n<ul>\n<li>Option de hauteur pour co-vis\u00e9e absolue<\/li>\n<li>Finition anodis\u00e9e noire de type 3<\/li>\n<li>Poids de 57 grammes<\/li>\n<li>Utilise la m\u00e9thode d&rsquo;\u00e9crou et de boulon mise \u00e0 jour de Geissele<\/li>\n<li>Force de serrage de 635 kg<\/li>\n<li>3 ergots de cisaillement pour la rigidit\u00e9 et le retour \u00e0 z\u00e9ro<\/li>\n<\/ul>\n<p>Ce support assure la stabilit\u00e9 du montage de votre optique.<\/p>\n","protected":false},"excerpt":{"rendered":"<p>Support T1 usin\u00e9 avec pr\u00e9cision pour une co-vis\u00e9e absolue. Aluminium durable, ajustement rigide.<\/p>\n","protected":false},"featured_media":82491,"template":"","meta":{"_acf_changed":false},"product_brand":[11381],"product_cat":[12169],"product_tag":[],"class_list":{"0":"post-83599","1":"product","2":"type-product","3":"status-publish","4":"has-post-thumbnail","6":"product_brand-geissele","7":"product_cat-visee","9":"first","10":"instock","11":"taxable","12":"shipping-taxable","13":"product-type-simple"},"acf":[],"_links":{"self":[{"href":"https:\/\/staging.nbg.eu\/fr\/wp-json\/wp\/v2\/product\/83599","targetHints":{"allow":["GET"]}}],"collection":[{"href":"https:\/\/staging.nbg.eu\/fr\/wp-json\/wp\/v2\/product"}],"about":[{"href":"https:\/\/staging.nbg.eu\/fr\/wp-json\/wp\/v2\/types\/product"}],"wp:featuredmedia":[{"embeddable":true,"href":"https:\/\/staging.nbg.eu\/fr\/wp-json\/wp\/v2\/media\/82491"}],"wp:attachment":[{"href":"https:\/\/staging.nbg.eu\/fr\/wp-json\/wp\/v2\/media?parent=83599"}],"wp:term":[{"taxonomy":"product_brand","embeddable":true,"href":"https:\/\/staging.nbg.eu\/fr\/wp-json\/wp\/v2\/product_brand?post=83599"},{"taxonomy":"product_cat","embeddable":true,"href":"https:\/\/staging.nbg.eu\/fr\/wp-json\/wp\/v2\/product_cat?post=83599"},{"taxonomy":"product_tag","embeddable":true,"href":"https:\/\/staging.nbg.eu\/fr\/wp-json\/wp\/v2\/product_tag?post=83599"}],"curies":[{"name":"wp","href":"https:\/\/api.w.org\/{rel}","templated":true}]}}