{"id":83577,"date":"2024-11-01T14:01:14","date_gmt":"2024-12-17T12:12:07","guid":{"rendered":"https:\/\/staging.nbg.eu\/product\/sons-of-liberty-gun-works-ar-15-buffer-h2\/"},"modified":"2024-12-17T12:58:24","modified_gmt":"2024-12-17T12:58:24","slug":"sons-of-liberty-gun-works-tampon-ar-15-h2","status":"publish","type":"product","link":"https:\/\/staging.nbg.eu\/fr\/produit\/sons-of-liberty-gun-works-tampon-ar-15-h2\/","title":{"rendered":"Sons of Liberty Gun Works &#8211; Tampon AR 15 H2"},"content":{"rendered":"<div class=\"product-description\">\n<h2>Sons of Liberty Gun Works &#8211; Tampon H2 pour AR-15<\/h2>\n<p>Tampon H2 de Sons of Liberty Gun Works (SOLGW) pour AR-15. Cette pi\u00e8ce de rechange assure le fonctionnement optimal de votre arme \u00e0 feu.<\/p>\n<ul>\n<li>Compatible avec tous les mod\u00e8les AR-15<\/li>\n<li>Fabriqu\u00e9 selon des tol\u00e9rances pr\u00e9cises<\/li>\n<li>Marqu\u00e9 pour une identification facile du poids<\/li>\n<li>Poids : 4.6 oz<\/li>\n<li>Dimensions : 1 pouce<\/li>\n<\/ul>\n<p>Maintenez la fiabilit\u00e9 et le fonctionnement r\u00e9gulier de votre AR-15 avec ce tampon H2. Ce composant assure une performance constante tir apr\u00e8s tir.<\/p>\n<\/div>\n","protected":false},"excerpt":{"rendered":"<p>Tampon H2 SOLGW AR-15 : Remplacement de pr\u00e9cision de 4.6 oz pour un fonctionnement fluide et fiable<\/p>\n","protected":false},"featured_media":76275,"template":"","meta":{"_acf_changed":false},"product_brand":[],"product_cat":[12142],"product_tag":[],"class_list":{"0":"post-83577","1":"product","2":"type-product","3":"status-publish","4":"has-post-thumbnail","6":"product_cat-tuning-carabine","8":"first","9":"instock","10":"taxable","11":"shipping-taxable","12":"purchasable","13":"product-type-simple"},"acf":[],"_links":{"self":[{"href":"https:\/\/staging.nbg.eu\/fr\/wp-json\/wp\/v2\/product\/83577","targetHints":{"allow":["GET"]}}],"collection":[{"href":"https:\/\/staging.nbg.eu\/fr\/wp-json\/wp\/v2\/product"}],"about":[{"href":"https:\/\/staging.nbg.eu\/fr\/wp-json\/wp\/v2\/types\/product"}],"wp:featuredmedia":[{"embeddable":true,"href":"https:\/\/staging.nbg.eu\/fr\/wp-json\/wp\/v2\/media\/76275"}],"wp:attachment":[{"href":"https:\/\/staging.nbg.eu\/fr\/wp-json\/wp\/v2\/media?parent=83577"}],"wp:term":[{"taxonomy":"product_brand","embeddable":true,"href":"https:\/\/staging.nbg.eu\/fr\/wp-json\/wp\/v2\/product_brand?post=83577"},{"taxonomy":"product_cat","embeddable":true,"href":"https:\/\/staging.nbg.eu\/fr\/wp-json\/wp\/v2\/product_cat?post=83577"},{"taxonomy":"product_tag","embeddable":true,"href":"https:\/\/staging.nbg.eu\/fr\/wp-json\/wp\/v2\/product_tag?post=83577"}],"curies":[{"name":"wp","href":"https:\/\/api.w.org\/{rel}","templated":true}]}}