{"id":83555,"date":"2024-11-27T08:27:04","date_gmt":"2024-12-17T12:02:28","guid":{"rendered":"https:\/\/staging.nbg.eu\/product\/geissele-ak-trigger-enhanced-with-lightning-bow-akt-el\/"},"modified":"2024-12-17T12:04:41","modified_gmt":"2024-12-17T12:04:41","slug":"detente-ak-geissele-enhanced-avec-lightning-bow-akt-el","status":"publish","type":"product","link":"https:\/\/staging.nbg.eu\/fr\/produit\/detente-ak-geissele-enhanced-avec-lightning-bow-akt-el\/","title":{"rendered":"D\u00e9tente AK Geissele Enhanced avec Lightning Bow (AKT-EL)"},"content":{"rendered":"<div class=\"product-description\">\n<h2>D\u00e9tente Geissele AK am\u00e9lior\u00e9e avec arc Lightning (AKT-EL)<\/h2>\n<p>La d\u00e9tente ALG AK am\u00e9lior\u00e9e avec arc Lightning (AKT-EL) pour AK47\/AK74 offre :<\/p>\n<ul>\n<li>Un d\u00e9clenchement plus court pour une meilleure performance en combat et d\u00e9fense domestique<\/li>\n<li>Usin\u00e9e avec pr\u00e9cision en acier alli\u00e9 de qualit\u00e9<\/li>\n<li>Finition en phosphate de mangan\u00e8se pour r\u00e9sister \u00e0 la corrosion<\/li>\n<li>Conception Lightning Bow\u00ae pour un meilleur contr\u00f4le de la d\u00e9tente<\/li>\n<li>Fabriqu\u00e9e aux \u00c9tats-Unis (North Wales, PA)<\/li>\n<li>Contribue \u00e0 la conformit\u00e9 922(r) avec trois pi\u00e8ces<\/li>\n<\/ul>\n<p><strong>Note :<\/strong> Non compatible avec les variantes 12 Gauge et 308 \/ 7.62x54r. Installation professionnelle recommand\u00e9e pour des performances et une s\u00e9curit\u00e9 optimales.<\/p>\n<\/div>\n","protected":false},"excerpt":{"rendered":"<p>D\u00e9tente AK am\u00e9lior\u00e9e avec arc Lightning pour une pression plus douce et plus courte.<\/p>\n","protected":false},"featured_media":82120,"template":"","meta":{"_acf_changed":false},"product_brand":[11381],"product_cat":[12130,12127,12142],"product_tag":[],"class_list":{"0":"post-83555","1":"product","2":"type-product","3":"status-publish","4":"has-post-thumbnail","6":"product_brand-geissele","7":"product_cat-detentes","8":"product_cat-tuning-ak","9":"product_cat-tuning-carabine","11":"first","12":"instock","13":"taxable","14":"shipping-taxable","15":"product-type-simple"},"acf":[],"_links":{"self":[{"href":"https:\/\/staging.nbg.eu\/fr\/wp-json\/wp\/v2\/product\/83555","targetHints":{"allow":["GET"]}}],"collection":[{"href":"https:\/\/staging.nbg.eu\/fr\/wp-json\/wp\/v2\/product"}],"about":[{"href":"https:\/\/staging.nbg.eu\/fr\/wp-json\/wp\/v2\/types\/product"}],"wp:featuredmedia":[{"embeddable":true,"href":"https:\/\/staging.nbg.eu\/fr\/wp-json\/wp\/v2\/media\/82120"}],"wp:attachment":[{"href":"https:\/\/staging.nbg.eu\/fr\/wp-json\/wp\/v2\/media?parent=83555"}],"wp:term":[{"taxonomy":"product_brand","embeddable":true,"href":"https:\/\/staging.nbg.eu\/fr\/wp-json\/wp\/v2\/product_brand?post=83555"},{"taxonomy":"product_cat","embeddable":true,"href":"https:\/\/staging.nbg.eu\/fr\/wp-json\/wp\/v2\/product_cat?post=83555"},{"taxonomy":"product_tag","embeddable":true,"href":"https:\/\/staging.nbg.eu\/fr\/wp-json\/wp\/v2\/product_tag?post=83555"}],"curies":[{"name":"wp","href":"https:\/\/api.w.org\/{rel}","templated":true}]}}