{"id":83433,"date":"2024-11-16T09:53:46","date_gmt":"2024-12-16T10:50:39","guid":{"rendered":"https:\/\/staging.nbg.eu\/product\/elcan-specterdr-1x-4x\/"},"modified":"2024-12-16T10:53:17","modified_gmt":"2024-12-16T10:53:17","slug":"elcan-specterdr-1x4x","status":"publish","type":"product","link":"https:\/\/staging.nbg.eu\/fr\/produit\/elcan-specterdr-1x4x\/","title":{"rendered":"ELCAN SpecterDR 1x\/4x"},"content":{"rendered":"<h2>ELCAN SpecterDR 1x\/4x Vis\u00e9e Optique \u00e0 Double R\u00f4le<\/h2>\n<p>Pr\u00e9sentation du nouveau ELCAN SpecterDR 1x\/4x 2024 &#8211; vis\u00e9e optique de combat \u00e0 double champ de vision.<\/p>\n<h2>Caract\u00e9ristiques principales :<\/h2>\n<ul>\n<li>Rails Picatinny int\u00e9gr\u00e9s<\/li>\n<li>Leviers de grossissement ambidextres<\/li>\n<li>Couvercles de batterie am\u00e9lior\u00e9s<\/li>\n<li>Finitions CERAKOTE\u00ae en Noir ou Terre Sombre Mat (FDE)<\/li>\n<li>Changement instantan\u00e9 entre vis\u00e9e grossie 4x et vis\u00e9e CQB 1x<\/li>\n<li>Chemin optique optimis\u00e9 et d\u00e9gagement oculaire identique dans les deux modes<\/li>\n<li>R\u00e9ticule illumin\u00e9 ou point rouge central<\/li>\n<li>Champ de vision le plus large en mode 1x<\/li>\n<li>Image claire en mode 4x<\/li>\n<\/ul>\n<h2>R\u00e9ticules :<\/h2>\n<ul>\n<li>5.56 (CX5395)<\/li>\n<li>7.62 (CX5396)<\/li>\n<\/ul>\n<h2>Sp\u00e9cifications techniques :<\/h2>\n<ul>\n<li>Grossissement : 4x \/ 1x<\/li>\n<li>Dimensions : 153mm x 68mm x 72mm (nominal)<\/li>\n<li>Poids : 655g (nominal)<\/li>\n<li>R\u00e9ticule : R\u00e9ticule balistique \u00e0 double \u00e9paisseur avec point rouge s\u00e9lectionnable<\/li>\n<li>Champ de vision : 26\u00b0 \u00e0 1x, 6,5\u00b0 \u00e0 4x<\/li>\n<li>D\u00e9gagement oculaire : 70mm<\/li>\n<li>Batterie : CR2032 (3v Lithium)<\/li>\n<li>Autonomie : Jusqu&rsquo;\u00e0 1730 heures<\/li>\n<li>Plage de r\u00e9glage : 120 minutes d&rsquo;angle<\/li>\n<\/ul>\n<h2>Viseur Reflex Micro XOPTEK\u2122 optionnel<\/h2>\n<p>Am\u00e9liorez votre SpecterDR 1-4 avec le Viseur Reflex Micro XOPTEK\u2122, un dispositif de vis\u00e9e rapide l\u00e9ger pour les cibles \u00e0 courte et moyenne port\u00e9e.<\/p>\n<p>L&rsquo;ELCAN SpecterDR 1x\/4x est con\u00e7u pour r\u00e9sister aux rigueurs de l&rsquo;utilisation professionnelle moderne, offrant la meilleure solution unique pour les engagements \u00e0 moyenne port\u00e9e et CQB. Exp\u00e9rimentez la polyvalence et la pr\u00e9cision avec cette vis\u00e9e optique.<\/p>\n","protected":false},"excerpt":{"rendered":"<p>ELCAN SpecterDR 1x\/4x : Viseur \u00e0 double r\u00f4le avec changement instantan\u00e9 de grossissement.<\/p>\n","protected":false},"featured_media":79339,"template":"","meta":{"_acf_changed":false},"product_brand":[11297],"product_cat":[12137,12169],"product_tag":[],"class_list":{"0":"post-83433","1":"product","2":"type-product","3":"status-publish","4":"has-post-thumbnail","6":"product_brand-elcan","7":"product_cat-optiques-grossissantes","8":"product_cat-visee","10":"first","11":"instock","12":"taxable","13":"shipping-taxable","14":"purchasable","15":"product-type-variable","16":"wvs-archive-product-wrapper"},"acf":[],"_links":{"self":[{"href":"https:\/\/staging.nbg.eu\/fr\/wp-json\/wp\/v2\/product\/83433","targetHints":{"allow":["GET"]}}],"collection":[{"href":"https:\/\/staging.nbg.eu\/fr\/wp-json\/wp\/v2\/product"}],"about":[{"href":"https:\/\/staging.nbg.eu\/fr\/wp-json\/wp\/v2\/types\/product"}],"wp:featuredmedia":[{"embeddable":true,"href":"https:\/\/staging.nbg.eu\/fr\/wp-json\/wp\/v2\/media\/79339"}],"wp:attachment":[{"href":"https:\/\/staging.nbg.eu\/fr\/wp-json\/wp\/v2\/media?parent=83433"}],"wp:term":[{"taxonomy":"product_brand","embeddable":true,"href":"https:\/\/staging.nbg.eu\/fr\/wp-json\/wp\/v2\/product_brand?post=83433"},{"taxonomy":"product_cat","embeddable":true,"href":"https:\/\/staging.nbg.eu\/fr\/wp-json\/wp\/v2\/product_cat?post=83433"},{"taxonomy":"product_tag","embeddable":true,"href":"https:\/\/staging.nbg.eu\/fr\/wp-json\/wp\/v2\/product_tag?post=83433"}],"curies":[{"name":"wp","href":"https:\/\/api.w.org\/{rel}","templated":true}]}}