{"id":83397,"date":"2024-11-05T08:15:55","date_gmt":"2024-12-16T10:05:42","guid":{"rendered":"https:\/\/staging.nbg.eu\/product\/tinck-arms-semi-automatic-carbine-perun-x17-16\/"},"modified":"2024-12-16T10:08:08","modified_gmt":"2024-12-16T10:08:08","slug":"carabine-semi-automatique-tinck-arms-perun-x17-16","status":"publish","type":"product","link":"https:\/\/staging.nbg.eu\/fr\/produit\/carabine-semi-automatique-tinck-arms-perun-x17-16\/","title":{"rendered":"Carabine Semi-automatique Tinck Arms Perun X17 &#8211; 16&Prime;"},"content":{"rendered":"<div class=\"product-description\">\n<h2>Tinck Arms Perun X17 &#8211; Carabine semi-automatique de 16&Prime;<\/h2>\n<p>Le Perun X17 repr\u00e9sente la prochaine \u00e9volution de la technologie des armes \u00e0 feu, con\u00e7u pour r\u00e9pondre aux besoins futurs des sportifs, des forces de l&rsquo;ordre et du personnel militaire dans le monde entier. Cette plateforme s&rsquo;appuie sur le syst\u00e8me AR10 \u00e9tabli, incorporant des caract\u00e9ristiques innovantes et un syst\u00e8me de fonctionnement brevet\u00e9 qui \u00e9tablit de nouvelles normes en mati\u00e8re de fiabilit\u00e9 et de facilit\u00e9 d&rsquo;entretien.<\/p>\n<h2>Caract\u00e9ristiques principales :<\/h2>\n<ul>\n<li>\u00c9quilibre et maniement pour une pr\u00e9cision am\u00e9lior\u00e9e lors du tir rapide<\/li>\n<li>Exp\u00e9rience de tir fluide am\u00e9liore les performances globales<\/li>\n<li>Grande modularit\u00e9 et compatibilit\u00e9 avec les pi\u00e8ces de la plateforme AR10<\/li>\n<li>Commandes ambidextres pour une utilisation polyvalente<\/li>\n<li>Option de crosse pliable pour une portabilit\u00e9 accrue<\/li>\n<\/ul>\n<h2>Sp\u00e9cifications techniques :<\/h2>\n<table>\n<tr>\n<td>Calibre :<\/td>\n<td>7,62 x 51mm .308Win, 6,5 Creedmoor<\/td>\n<\/tr>\n<tr>\n<td>Syst\u00e8me de fonctionnement :<\/td>\n<td>Verrou rotatif verrouill\u00e9 hybride DI et course courte<\/td>\n<\/tr>\n<tr>\n<td>Action :<\/td>\n<td>Semi-automatique<\/td>\n<\/tr>\n<tr>\n<td>Longueur (min\/max) :<\/td>\n<td>605mm \/ 1040mm<\/td>\n<\/tr>\n<tr>\n<td>Largeur :<\/td>\n<td>56mm (64mm au total avec poign\u00e9e de chargement)<\/td>\n<\/tr>\n<tr>\n<td>Hauteur :<\/td>\n<td>210mm (avec chargeur de 10 cartouches)<\/td>\n<\/tr>\n<tr>\n<td>Longueur du canon :<\/td>\n<td>16&Prime; (Compatible AR10 standard)<\/td>\n<\/tr>\n<tr>\n<td>Pas de rayure :<\/td>\n<td>1:12<\/td>\n<\/tr>\n<tr>\n<td>Poids :<\/td>\n<td>3,7kg (avec chargeur de 20 cartouches)<\/td>\n<\/tr>\n<tr>\n<td>Syst\u00e8me de vis\u00e9e :<\/td>\n<td>Vis\u00e9e de secours rabattable (secondaire)<\/td>\n<\/tr>\n<tr>\n<td>Longueur de vis\u00e9e :<\/td>\n<td>300mm, 340mm<\/td>\n<\/tr>\n<tr>\n<td>Connexion pour silencieux :<\/td>\n<td>Filetage 5\/8 x 24 int\u00e9gr\u00e9 au frein de bouche<\/td>\n<\/tr>\n<tr>\n<td>Dispositif de bouche :<\/td>\n<td>Frein de bouche \u00e0 3 chambres<\/td>\n<\/tr>\n<tr>\n<td>Rails NAR :<\/td>\n<td>1+3<\/td>\n<\/tr>\n<tr>\n<td>Poign\u00e9e de chargement :<\/td>\n<td>Non-r\u00e9ciproque<\/td>\n<\/tr>\n<tr>\n<td>Capacit\u00e9 du chargeur :<\/td>\n<td>10, 20, 25 cartouches (polym\u00e8re)<\/td>\n<\/tr>\n<tr>\n<td>Options de crosse :<\/td>\n<td>\n","protected":false},"excerpt":{"rendered":"<p>Carabine polyvalente et fiable de 7,62x51mm avec canon de 40,6 cm. Plateforme AR10 modulaire au tir fluide.<\/p>\n","protected":false},"featured_media":77484,"template":"","meta":{"_acf_changed":false},"product_brand":[11906],"product_cat":[12190,12193],"product_tag":[],"class_list":{"0":"post-83397","1":"product","2":"type-product","3":"status-publish","4":"has-post-thumbnail","6":"product_brand-tinck-arms","7":"product_cat-carabines","8":"product_cat-fusil","10":"first","11":"instock","12":"taxable","13":"shipping-taxable","14":"purchasable","15":"product-type-simple"},"acf":[],"_links":{"self":[{"href":"https:\/\/staging.nbg.eu\/fr\/wp-json\/wp\/v2\/product\/83397","targetHints":{"allow":["GET"]}}],"collection":[{"href":"https:\/\/staging.nbg.eu\/fr\/wp-json\/wp\/v2\/product"}],"about":[{"href":"https:\/\/staging.nbg.eu\/fr\/wp-json\/wp\/v2\/types\/product"}],"wp:featuredmedia":[{"embeddable":true,"href":"https:\/\/staging.nbg.eu\/fr\/wp-json\/wp\/v2\/media\/77484"}],"wp:attachment":[{"href":"https:\/\/staging.nbg.eu\/fr\/wp-json\/wp\/v2\/media?parent=83397"}],"wp:term":[{"taxonomy":"product_brand","embeddable":true,"href":"https:\/\/staging.nbg.eu\/fr\/wp-json\/wp\/v2\/product_brand?post=83397"},{"taxonomy":"product_cat","embeddable":true,"href":"https:\/\/staging.nbg.eu\/fr\/wp-json\/wp\/v2\/product_cat?post=83397"},{"taxonomy":"product_tag","embeddable":true,"href":"https:\/\/staging.nbg.eu\/fr\/wp-json\/wp\/v2\/product_tag?post=83397"}],"curies":[{"name":"wp","href":"https:\/\/api.w.org\/{rel}","templated":true}]}}