{"id":83375,"date":"2024-11-01T13:52:15","date_gmt":"2024-11-01T13:52:15","guid":{"rendered":"https:\/\/staging.nbg.eu\/product\/daa-target-bag-classic-ipsc-target\/"},"modified":"2024-12-16T09:55:29","modified_gmt":"2024-12-16T09:55:29","slug":"sac-de-transport-daa-cible-classic-ipsc","status":"publish","type":"product","link":"https:\/\/staging.nbg.eu\/fr\/produit\/sac-de-transport-daa-cible-classic-ipsc\/","title":{"rendered":"Sac de Transport DAA, Cible Classic (IPSC)"},"content":{"rendered":"<h2>Sac pour cibles DAA, Classique (IPSC)<\/h2>\n<p>Ce sac pour cibles DAA offre les caract\u00e9ristiques suivantes :<\/p>\n<ul>\n<li>Fabriqu\u00e9 en textile D6000<\/li>\n<li>Compartiment principal pour plus de 20 cibles IPSC classiques<\/li>\n<li>Trois poches ext\u00e9rieures :\n<ul>\n<li>Poche pour applicateur de patchs<\/li>\n<li>Poche pour agrafeuse<\/li>\n<li>Poche polyvalente pour ruban, agrafes et outils<\/li>\n<\/ul>\n<\/li>\n<li>Deux sangles ajustables pour crochets de cibles m\u00e9talliques<\/li>\n<li>Bandouli\u00e8re et poign\u00e9e rembourr\u00e9e<\/li>\n<\/ul>\n<p>Organisez votre \u00e9quipement li\u00e9 aux cibles dans un sac pratique et facile \u00e0 transporter. Gardez vos mains libres pour les sacs de tir et les munitions.<\/p>\n","protected":false},"excerpt":{"rendered":"<p>Sac pour cibles DAA : Organisez et transportez facilement les cibles IPSC.<\/p>\n","protected":false},"featured_media":76228,"template":"","meta":{"_acf_changed":false},"product_brand":[11268],"product_cat":[12160,12206],"product_tag":[],"class_list":{"0":"post-83375","1":"product","2":"type-product","3":"status-publish","4":"has-post-thumbnail","6":"product_brand-doublealpha","7":"product_cat-equipement","8":"product_cat-sacs-de-tir","10":"first","11":"outofstock","12":"taxable","13":"shipping-taxable","14":"purchasable","15":"product-type-simple"},"acf":[],"_links":{"self":[{"href":"https:\/\/staging.nbg.eu\/fr\/wp-json\/wp\/v2\/product\/83375","targetHints":{"allow":["GET"]}}],"collection":[{"href":"https:\/\/staging.nbg.eu\/fr\/wp-json\/wp\/v2\/product"}],"about":[{"href":"https:\/\/staging.nbg.eu\/fr\/wp-json\/wp\/v2\/types\/product"}],"wp:featuredmedia":[{"embeddable":true,"href":"https:\/\/staging.nbg.eu\/fr\/wp-json\/wp\/v2\/media\/76228"}],"wp:attachment":[{"href":"https:\/\/staging.nbg.eu\/fr\/wp-json\/wp\/v2\/media?parent=83375"}],"wp:term":[{"taxonomy":"product_brand","embeddable":true,"href":"https:\/\/staging.nbg.eu\/fr\/wp-json\/wp\/v2\/product_brand?post=83375"},{"taxonomy":"product_cat","embeddable":true,"href":"https:\/\/staging.nbg.eu\/fr\/wp-json\/wp\/v2\/product_cat?post=83375"},{"taxonomy":"product_tag","embeddable":true,"href":"https:\/\/staging.nbg.eu\/fr\/wp-json\/wp\/v2\/product_tag?post=83375"}],"curies":[{"name":"wp","href":"https:\/\/api.w.org\/{rel}","templated":true}]}}