{"id":78598,"date":"2024-01-30T18:15:03","date_gmt":"2024-01-30T18:15:03","guid":{"rendered":"https:\/\/staging.nbg.eu\/product\/kmr-w-02-umbra-x\/"},"modified":"2025-02-19T16:15:58","modified_gmt":"2025-02-19T16:15:58","slug":"kmr-w-02-umbra-x","status":"publish","type":"product","link":"https:\/\/staging.nbg.eu\/fr\/produit\/kmr-w-02-umbra-x\/","title":{"rendered":"KMR W-02 Umbra X"},"content":{"rendered":"<div class=\"product-description\">\n<h2>KMR W-02 Umbra X : Divisions IDPA<\/h2>\n<p>Le KMR W-02 Umbra X est un pistolet l\u00e9ger con\u00e7u pour le tir sportif et de loisir. Adapt\u00e9 aux disciplines \u00e0 poids limit\u00e9 comme l&rsquo;IDPA, cette arme compacte offre de bonnes performances et une bonne pr\u00e9cision.<\/p>\n<h2>Caract\u00e9ristiques principales :<\/h2>\n<ul>\n<li>Canon de 4,5&Prime; fl\u00fbt\u00e9 et nitrur\u00e9 avec syst\u00e8me de stabilisation du canon (BRS)<\/li>\n<li>Interface pour optique (OR)<\/li>\n<li>Carcasse en acier usin\u00e9 CNC<\/li>\n<li>M\u00e9canisme de d\u00e9tente SA\/DA avec reset court<\/li>\n<li>Capacit\u00e9 du chargeur : 16+1 coups<\/li>\n<li>Plaquettes en duralumin rouge fonc\u00e9<\/li>\n<li>Bouton de d\u00e9verrouillage du chargeur ajustable en duralumin<\/li>\n<li>Guidon fibre optique (1 mm) et hausse OR ajustable<\/li>\n<li>Carcasse et culasse nitrur\u00e9es noires<\/li>\n<\/ul>\n<h2>Sp\u00e9cifications :<\/h2>\n<ul>\n<li>Calibre : 9&#215;19, 9&#215;21<\/li>\n<li>Longueur totale : 208 mm<\/li>\n<li>Longueur du canon : 114 mm<\/li>\n<li>Poids avec chargeur vide : 1210 g<\/li>\n<li>Poids de d\u00e9tente : 17,5 N (SA) \/ 45 N (DA)<\/li>\n<\/ul>\n<p>Le KMR W-02 Umbra X est livr\u00e9 avec des accessoires KMR. Ce pistolet offre un \u00e9quilibre entre puissance et pr\u00e9cision.<\/p>\n<p>L&rsquo;ensemble comprend : 3 chargeurs, mallette KMR, kit de nettoyage, huile KMR, adaptateur de montage BRS, cl\u00e9 de r\u00e9glage de la hausse, manuel d&rsquo;utilisation et carte de garantie.<\/p>\n<p><strong>Le KMR W-02 Umbra X pour l&rsquo;excellence en tir.<\/strong><\/p>\n<\/div>\n","protected":false},"excerpt":{"rendered":"<p>Je n&rsquo;ai pas re\u00e7u de description de produit \u00e0 traduire. Pourriez-vous s&rsquo;il vous pla\u00eet fournir le texte que vous souhaitez que je traduise en fran\u00e7ais ?<\/p>\n","protected":false},"featured_media":76064,"template":"","meta":{"_acf_changed":false},"product_brand":[11499],"product_cat":[12150,12140],"product_tag":[],"class_list":{"0":"post-78598","1":"product","2":"type-product","3":"status-publish","4":"has-post-thumbnail","6":"product_brand-kmr-precision","7":"product_cat-pistolet","8":"product_cat-pistolets","10":"first","11":"outofstock","12":"taxable","13":"shipping-taxable","14":"product-type-simple"},"acf":[],"_links":{"self":[{"href":"https:\/\/staging.nbg.eu\/fr\/wp-json\/wp\/v2\/product\/78598","targetHints":{"allow":["GET"]}}],"collection":[{"href":"https:\/\/staging.nbg.eu\/fr\/wp-json\/wp\/v2\/product"}],"about":[{"href":"https:\/\/staging.nbg.eu\/fr\/wp-json\/wp\/v2\/types\/product"}],"wp:featuredmedia":[{"embeddable":true,"href":"https:\/\/staging.nbg.eu\/fr\/wp-json\/wp\/v2\/media\/76064"}],"wp:attachment":[{"href":"https:\/\/staging.nbg.eu\/fr\/wp-json\/wp\/v2\/media?parent=78598"}],"wp:term":[{"taxonomy":"product_brand","embeddable":true,"href":"https:\/\/staging.nbg.eu\/fr\/wp-json\/wp\/v2\/product_brand?post=78598"},{"taxonomy":"product_cat","embeddable":true,"href":"https:\/\/staging.nbg.eu\/fr\/wp-json\/wp\/v2\/product_cat?post=78598"},{"taxonomy":"product_tag","embeddable":true,"href":"https:\/\/staging.nbg.eu\/fr\/wp-json\/wp\/v2\/product_tag?post=78598"}],"curies":[{"name":"wp","href":"https:\/\/api.w.org\/{rel}","templated":true}]}}