{"id":77436,"date":"2024-11-01T07:33:05","date_gmt":"2024-11-01T07:33:05","guid":{"rendered":"https:\/\/staging.nbg.eu\/product\/kmr-l-02-emiq\/"},"modified":"2024-11-04T13:33:44","modified_gmt":"2024-11-04T13:33:44","slug":"kmr-l-02-emiq","status":"publish","type":"product","link":"https:\/\/staging.nbg.eu\/fr\/produit\/kmr-l-02-emiq\/","title":{"rendered":"KMR L-02 EMIQ"},"content":{"rendered":"<div class=\"product-description\">\n<h2>KMR L-02 EMIQ<\/h2>\n<p>Le KMR L-02 EMIQ est un pistolet con\u00e7u pour les comp\u00e9titions de tir pratique. Cette arme \u00e0 feu combine ing\u00e9nierie de pr\u00e9cision et accessoires pour offrir pr\u00e9cision et rapidit\u00e9.<\/p>\n<h2>Caract\u00e9ristiques principales :<\/h2>\n<ul>\n<li>Canon de 5&Prime; rainur\u00e9 et nitrur\u00e9 pour une meilleure pr\u00e9cision et dissipation de chaleur<\/li>\n<li>Compensateur 3+1 ports pour r\u00e9duire le rel\u00e8vement de la bouche<\/li>\n<li>Carcasse en acier usin\u00e9e CNC pour la durabilit\u00e9<\/li>\n<li>Montage pour viseur point rouge avec \u00e9cran de protection<\/li>\n<li>M\u00e9canisme de d\u00e9tente SA ajustable avec d\u00e9tente plate stri\u00e9e<\/li>\n<li>Chargeurs haute capacit\u00e9 : 19+1 ou 26+1 coups (9&#215;19, 9\u00d721)<\/li>\n<li>Accessoires KMR et syst\u00e8me de stabilisation du canon BRS<\/li>\n<\/ul>\n<h2>Sp\u00e9cifications :<\/h2>\n<ul>\n<li>Calibre : 9&#215;19, 9&#215;21<\/li>\n<li>Longueur totale : 261 mm<\/li>\n<li>Longueur du canon : 127 mm<\/li>\n<li>Poids (sans chargeur) : 1260 g<\/li>\n<li>Poids de d\u00e9tente : &gt; 13,5 N<\/li>\n<\/ul>\n<p>Le KMR L-02 EMIQ est fabriqu\u00e9 par nos armuriers, assurant un soin individuel. Avec ses caract\u00e9ristiques avanc\u00e9es et sa conception ergonomique, ce pistolet est con\u00e7u pour les comp\u00e9titions.<\/p>\n<\/div>\n","protected":false},"excerpt":{"rendered":"<p>Pistolet de sport haute performance avec compensateur pour les comp\u00e9titions.<\/p>\n","protected":false},"featured_media":75833,"template":"","meta":{"_acf_changed":false},"product_brand":[11499],"product_cat":[12150,12140],"product_tag":[],"class_list":{"0":"post-77436","1":"product","2":"type-product","3":"status-publish","4":"has-post-thumbnail","6":"product_brand-kmr-precision","7":"product_cat-pistolet","8":"product_cat-pistolets","10":"first","11":"outofstock","12":"taxable","13":"shipping-taxable","14":"product-type-simple"},"acf":[],"_links":{"self":[{"href":"https:\/\/staging.nbg.eu\/fr\/wp-json\/wp\/v2\/product\/77436","targetHints":{"allow":["GET"]}}],"collection":[{"href":"https:\/\/staging.nbg.eu\/fr\/wp-json\/wp\/v2\/product"}],"about":[{"href":"https:\/\/staging.nbg.eu\/fr\/wp-json\/wp\/v2\/types\/product"}],"wp:featuredmedia":[{"embeddable":true,"href":"https:\/\/staging.nbg.eu\/fr\/wp-json\/wp\/v2\/media\/75833"}],"wp:attachment":[{"href":"https:\/\/staging.nbg.eu\/fr\/wp-json\/wp\/v2\/media?parent=77436"}],"wp:term":[{"taxonomy":"product_brand","embeddable":true,"href":"https:\/\/staging.nbg.eu\/fr\/wp-json\/wp\/v2\/product_brand?post=77436"},{"taxonomy":"product_cat","embeddable":true,"href":"https:\/\/staging.nbg.eu\/fr\/wp-json\/wp\/v2\/product_cat?post=77436"},{"taxonomy":"product_tag","embeddable":true,"href":"https:\/\/staging.nbg.eu\/fr\/wp-json\/wp\/v2\/product_tag?post=77436"}],"curies":[{"name":"wp","href":"https:\/\/api.w.org\/{rel}","templated":true}]}}