{"id":75327,"date":"2024-10-30T20:07:58","date_gmt":"2024-10-30T20:07:58","guid":{"rendered":"https:\/\/staging.nbg.eu\/product\/daa-hard-case-large-430\/"},"modified":"2024-11-01T09:07:40","modified_gmt":"2024-11-01T09:07:40","slug":"mallette-rigide-daa-large-430","status":"publish","type":"product","link":"https:\/\/staging.nbg.eu\/fr\/produit\/mallette-rigide-daa-large-430\/","title":{"rendered":"Mallette rigide DAA Large-430"},"content":{"rendered":"<div class=\"product-description\">\n<h2>Mallette rigide DAA Large-430<\/h2>\n<p>La mallette rigide DAA Large-430 certifi\u00e9e IP67 offre une protection pour vos objets de valeur. Convient pour les armes \u00e0 feu, l&rsquo;\u00e9quipement photographique, le mat\u00e9riel marin, et plus encore. Cette mallette est con\u00e7ue pour r\u00e9sister \u00e0 des conditions extr\u00eames.<\/p>\n<ul>\n<li>Joint \u00e9tanche et valve de d\u00e9compression automatique<\/li>\n<li>Loquets \u00e0 double fermeture faciles \u00e0 ouvrir et trous pour cadenas<\/li>\n<li>Syst\u00e8me d&#8217;empilement avec points de fixation suppl\u00e9mentaires<\/li>\n<li>Inclut un ensemble de 4 pi\u00e8ces de mousse pour un int\u00e9rieur personnalisable<\/li>\n<li>Disponible en Noir ou Orange<\/li>\n<\/ul>\n<p>Dimensions ext\u00e9rieures : 464 x 366 x 176 mm (18,27 x 14,41 x 6,93 pouces)<br \/>\n  Dimensions int\u00e9rieures : 426 x 290 x 159 mm (16,77 x 11,41 x 6,26 pouces)<br \/>\n  Poids : 3,1 kg<\/p>\n<\/div>\n","protected":false},"excerpt":{"rendered":"<p>\u00c9tui durable et imperm\u00e9able pour \u00e9quipement de valeur. Certifi\u00e9 IP67, polyvalent.<\/p>\n","protected":false},"featured_media":74470,"template":"","meta":{"_acf_changed":false},"product_brand":[11268],"product_cat":[12160,12182],"product_tag":[],"class_list":{"0":"post-75327","1":"product","2":"type-product","3":"status-publish","4":"has-post-thumbnail","6":"product_brand-doublealpha","7":"product_cat-equipement","8":"product_cat-etuis-de-transport","10":"first","11":"outofstock","12":"taxable","13":"shipping-taxable","14":"purchasable","15":"product-type-simple"},"acf":[],"_links":{"self":[{"href":"https:\/\/staging.nbg.eu\/fr\/wp-json\/wp\/v2\/product\/75327","targetHints":{"allow":["GET"]}}],"collection":[{"href":"https:\/\/staging.nbg.eu\/fr\/wp-json\/wp\/v2\/product"}],"about":[{"href":"https:\/\/staging.nbg.eu\/fr\/wp-json\/wp\/v2\/types\/product"}],"wp:featuredmedia":[{"embeddable":true,"href":"https:\/\/staging.nbg.eu\/fr\/wp-json\/wp\/v2\/media\/74470"}],"wp:attachment":[{"href":"https:\/\/staging.nbg.eu\/fr\/wp-json\/wp\/v2\/media?parent=75327"}],"wp:term":[{"taxonomy":"product_brand","embeddable":true,"href":"https:\/\/staging.nbg.eu\/fr\/wp-json\/wp\/v2\/product_brand?post=75327"},{"taxonomy":"product_cat","embeddable":true,"href":"https:\/\/staging.nbg.eu\/fr\/wp-json\/wp\/v2\/product_cat?post=75327"},{"taxonomy":"product_tag","embeddable":true,"href":"https:\/\/staging.nbg.eu\/fr\/wp-json\/wp\/v2\/product_tag?post=75327"}],"curies":[{"name":"wp","href":"https:\/\/api.w.org\/{rel}","templated":true}]}}