{"id":74923,"date":"2024-10-21T09:31:15","date_gmt":"2024-10-31T11:15:19","guid":{"rendered":"https:\/\/staging.nbg.eu\/product\/grips-kmr-s-dotmatrix-ergo-silver\/"},"modified":"2024-10-31T11:17:03","modified_gmt":"2024-10-31T11:17:03","slug":"poignees-kmr-s-dotmatrix-ergo-argent","status":"publish","type":"product","link":"https:\/\/staging.nbg.eu\/fr\/produit\/poignees-kmr-s-dotmatrix-ergo-argent\/","title":{"rendered":"POIGN\u00c9ES KMR S DotMatrix &#8211; Ergo Argent"},"content":{"rendered":"<h2>POIGN\u00c9ES KMR S DotMatrix &#8211; Ergo Argent<\/h2>\n<p>Ces poign\u00e9es DotMatrix pour votre pistolet KMR S-02 sont fabriqu\u00e9es en duralumin anodis\u00e9. Elles ont une conception ergonomique et un motif de balle de golf pour une meilleure prise en main.<\/p>\n<ul>\n<li>Compatible uniquement avec le cadre KMR S-02 (26mm de large)<\/li>\n<li>Construction en duralumin anodis\u00e9<\/li>\n<li>Conception ergonomique<\/li>\n<li>Texture motif balle de golf pour une meilleure adh\u00e9rence<\/li>\n<li>Finition argent avec logo KMR<\/li>\n<li>Inclut des vis torx pour l&rsquo;installation<\/li>\n<\/ul>\n<p>Ces poign\u00e9es sont con\u00e7ues sp\u00e9cifiquement pour le pistolet KMR S-02 .22 LR. Non compatibles avec les tailles de cadre W-02 ou L-02.<\/p>\n<dl class=\"data-sheet\">\n<dt class=\"name\">Pour armes KMR<\/dt>\n<dd class=\"value\">KMR S-01 LANCE (OR)<br \/>\nKMR S-02 JUSQU&rsquo;\u00c0 2023<\/dd>\n<dt class=\"name\">S\u00e9lection par armes CZ<\/dt>\n<dd class=\"value\">CZ SHADOW 1<br \/>\nCZ SHADOW 2<br \/>\nCZ SHADOW 2 (OR)<br \/>\nCZ SP-01<\/dd>\n<\/dl>\n","protected":false},"excerpt":{"rendered":"<p>Poign\u00e9es ergonomiques argent\u00e9es pour pistolets KMR S-02.<br \/>\n0611-03001-0102<\/p>\n","protected":false},"featured_media":73845,"template":"","meta":{"_acf_changed":false},"product_brand":[11499],"product_cat":[12145],"product_tag":[],"class_list":{"0":"post-74923","1":"product","2":"type-product","3":"status-publish","4":"has-post-thumbnail","6":"product_brand-kmr-precision","7":"product_cat-pieces-kmr","9":"first","10":"instock","11":"taxable","12":"shipping-taxable","13":"purchasable","14":"product-type-simple"},"acf":[],"_links":{"self":[{"href":"https:\/\/staging.nbg.eu\/fr\/wp-json\/wp\/v2\/product\/74923","targetHints":{"allow":["GET"]}}],"collection":[{"href":"https:\/\/staging.nbg.eu\/fr\/wp-json\/wp\/v2\/product"}],"about":[{"href":"https:\/\/staging.nbg.eu\/fr\/wp-json\/wp\/v2\/types\/product"}],"wp:featuredmedia":[{"embeddable":true,"href":"https:\/\/staging.nbg.eu\/fr\/wp-json\/wp\/v2\/media\/73845"}],"wp:attachment":[{"href":"https:\/\/staging.nbg.eu\/fr\/wp-json\/wp\/v2\/media?parent=74923"}],"wp:term":[{"taxonomy":"product_brand","embeddable":true,"href":"https:\/\/staging.nbg.eu\/fr\/wp-json\/wp\/v2\/product_brand?post=74923"},{"taxonomy":"product_cat","embeddable":true,"href":"https:\/\/staging.nbg.eu\/fr\/wp-json\/wp\/v2\/product_cat?post=74923"},{"taxonomy":"product_tag","embeddable":true,"href":"https:\/\/staging.nbg.eu\/fr\/wp-json\/wp\/v2\/product_tag?post=74923"}],"curies":[{"name":"wp","href":"https:\/\/api.w.org\/{rel}","templated":true}]}}