{"id":74362,"date":"2024-10-19T08:43:18","date_gmt":"2024-10-19T08:43:18","guid":{"rendered":"https:\/\/staging.nbg.eu\/product\/sg-timer-go\/"},"modified":"2025-10-01T15:12:08","modified_gmt":"2025-10-01T12:12:08","slug":"sg-timer-go","status":"publish","type":"product","link":"https:\/\/staging.nbg.eu\/fr\/produit\/sg-timer-go\/","title":{"rendered":"SG Timer Go"},"content":{"rendered":"<h2>SG Timer Go<\/h2>\n<p>Le SG Timer Go int\u00e8gre une technologie avanc\u00e9e dans un appareil compact. Il comprend le m\u00eame capteur intelligent et les m\u00eames algorithmes de reconnaissance que son pr\u00e9d\u00e9cesseur.<\/p>\n<h2>Caract\u00e9ristiques principales :<\/h2>\n<ul>\n<li>Connectivit\u00e9 Bluetooth<\/li>\n<li>Compatibilit\u00e9 avec l&rsquo;application d&rsquo;exercices pour des fonctionnalit\u00e9s avanc\u00e9es<\/li>\n<li>D\u00e9tection de tir \u00e0 sec avec retour de performance<\/li>\n<li>Filtrage d&rsquo;\u00e9cho pour une d\u00e9tection pr\u00e9cise des tirs<\/li>\n<li>M\u00e9moire int\u00e9gr\u00e9e pour 1 000 000 de tirs<\/li>\n<li>Temps PAR personnalisables<\/li>\n<li>Sensibilit\u00e9 ajustable pour tous les calibres<\/li>\n<li>Contr\u00f4le du volume variable (5-100)<\/li>\n<li>Mode \u00ab\u00a0espion\u00a0\u00bb pour la synchronisation avec d&rsquo;autres minuteurs<\/li>\n<\/ul>\n<h2>Conception :<\/h2>\n<ul>\n<li>\u00c9cran mont\u00e9 sur le dessus pour une visualisation facile<\/li>\n<li>Interface \u00e0 2 boutons<\/li>\n<li>Clip de ceinture \u00e0 d\u00e9gagement rapide<\/li>\n<li>Clip de poche pour diverses options de transport<\/li>\n<\/ul>\n<h2>Performance :<\/h2>\n<p>Jusqu&rsquo;\u00e0 80 heures d&rsquo;utilisation continue sur une seule charge et un port USB-C.<\/p>\n<p>Le SG Timer Go combine simplicit\u00e9 et fonctionnalit\u00e9s avanc\u00e9es.<\/p>\n","protected":false},"excerpt":{"rendered":"<p>Chronom\u00e8tre de tir intelligent et compact avec Bluetooth, fonctionnalit\u00e9s avanc\u00e9es et longue autonomie de batterie.<\/p>\n","protected":false},"featured_media":73217,"template":"","meta":{"_acf_changed":false},"product_brand":[11795],"product_cat":[12173,12160],"product_tag":[],"class_list":{"0":"post-74362","1":"product","2":"type-product","3":"status-publish","4":"has-post-thumbnail","6":"product_brand-shooters-global","7":"product_cat-chronometres-de-tir","8":"product_cat-equipement","10":"first","11":"outofstock","12":"taxable","13":"shipping-taxable","14":"purchasable","15":"product-type-simple"},"acf":[],"_links":{"self":[{"href":"https:\/\/staging.nbg.eu\/fr\/wp-json\/wp\/v2\/product\/74362","targetHints":{"allow":["GET"]}}],"collection":[{"href":"https:\/\/staging.nbg.eu\/fr\/wp-json\/wp\/v2\/product"}],"about":[{"href":"https:\/\/staging.nbg.eu\/fr\/wp-json\/wp\/v2\/types\/product"}],"wp:featuredmedia":[{"embeddable":true,"href":"https:\/\/staging.nbg.eu\/fr\/wp-json\/wp\/v2\/media\/73217"}],"wp:attachment":[{"href":"https:\/\/staging.nbg.eu\/fr\/wp-json\/wp\/v2\/media?parent=74362"}],"wp:term":[{"taxonomy":"product_brand","embeddable":true,"href":"https:\/\/staging.nbg.eu\/fr\/wp-json\/wp\/v2\/product_brand?post=74362"},{"taxonomy":"product_cat","embeddable":true,"href":"https:\/\/staging.nbg.eu\/fr\/wp-json\/wp\/v2\/product_cat?post=74362"},{"taxonomy":"product_tag","embeddable":true,"href":"https:\/\/staging.nbg.eu\/fr\/wp-json\/wp\/v2\/product_tag?post=74362"}],"curies":[{"name":"wp","href":"https:\/\/api.w.org\/{rel}","templated":true}]}}