{"id":74343,"date":"2024-10-19T08:24:33","date_gmt":"2024-10-30T09:31:19","guid":{"rendered":"https:\/\/staging.nbg.eu\/product\/sg-timer-2\/"},"modified":"2024-10-30T09:33:36","modified_gmt":"2024-10-30T09:33:36","slug":"sg-timer-2","status":"publish","type":"product","link":"https:\/\/staging.nbg.eu\/fr\/produit\/sg-timer-2\/","title":{"rendered":"SG Timer 2"},"content":{"rendered":"<div class=\"product-description\">\n<h2>SG Timer 2 : Chronom\u00e8tre de tir pour tireurs<\/h2>\n<p>Le SG Timer 2 est un chronom\u00e8tre de tir avec des fonctionnalit\u00e9s avanc\u00e9es. Il convient \u00e0 l&rsquo;entra\u00eenement individuel et en groupe.<\/p>\n<h2>Caract\u00e9ristiques principales :<\/h2>\n<ul>\n<li><strong>Volume sonore \u00e9lev\u00e9 :<\/strong> Amplificateur acoustique personnalis\u00e9.<\/li>\n<li><strong>Montage s\u00e9curis\u00e9 et polyvalent :<\/strong> Nouveau support avec aimants renforc\u00e9s et mat\u00e9riel de positionnement.<\/li>\n<li><strong>Connectivit\u00e9 :<\/strong> NFC et Bluetooth 5.4 pour la connexion au smartphone et une port\u00e9e accrue.<\/li>\n<li><strong>D\u00e9tection des tirs :<\/strong> Capteur sensible pour tous types d&rsquo;armes, y compris suppress\u00e9es.<\/li>\n<li><strong>Param\u00e8tres ajustables :<\/strong> Sensibilit\u00e9 et filtrage d&rsquo;\u00e9cho r\u00e9glables.<\/li>\n<li><strong>M\u00e9moire :<\/strong> Stockage int\u00e9gr\u00e9 pour jusqu&rsquo;\u00e0 1 000 000 de tirs avec statistiques.<\/li>\n<li><strong>Fonction PAR :<\/strong> Planification d&rsquo;exercices \u00e0 l&rsquo;avance.<\/li>\n<li><strong>Mode espion :<\/strong> Synchronisation avec d&rsquo;autres chronom\u00e8tres pour l&rsquo;entra\u00eenement collaboratif.<\/li>\n<\/ul>\n<p>Le SG Timer 2 est con\u00e7u pour les tireurs sportifs, les instructeurs et les amateurs. Il offre des performances pour l&rsquo;entra\u00eenement au tir.<\/p>\n<\/div>\n","protected":false},"excerpt":{"rendered":"<p>Plus fort, plus intelligent, polyvalent. Prise en main s\u00fbre, Bluetooth 5.4, capteur avanc\u00e9.<\/p>\n","protected":false},"featured_media":73078,"template":"","meta":{"_acf_changed":false},"product_brand":[11795],"product_cat":[12173,12160],"product_tag":[],"class_list":{"0":"post-74343","1":"product","2":"type-product","3":"status-publish","4":"has-post-thumbnail","6":"product_brand-shooters-global","7":"product_cat-chronometres-de-tir","8":"product_cat-equipement","10":"first","11":"instock","12":"taxable","13":"shipping-taxable","14":"purchasable","15":"product-type-simple"},"acf":[],"_links":{"self":[{"href":"https:\/\/staging.nbg.eu\/fr\/wp-json\/wp\/v2\/product\/74343","targetHints":{"allow":["GET"]}}],"collection":[{"href":"https:\/\/staging.nbg.eu\/fr\/wp-json\/wp\/v2\/product"}],"about":[{"href":"https:\/\/staging.nbg.eu\/fr\/wp-json\/wp\/v2\/types\/product"}],"wp:featuredmedia":[{"embeddable":true,"href":"https:\/\/staging.nbg.eu\/fr\/wp-json\/wp\/v2\/media\/73078"}],"wp:attachment":[{"href":"https:\/\/staging.nbg.eu\/fr\/wp-json\/wp\/v2\/media?parent=74343"}],"wp:term":[{"taxonomy":"product_brand","embeddable":true,"href":"https:\/\/staging.nbg.eu\/fr\/wp-json\/wp\/v2\/product_brand?post=74343"},{"taxonomy":"product_cat","embeddable":true,"href":"https:\/\/staging.nbg.eu\/fr\/wp-json\/wp\/v2\/product_cat?post=74343"},{"taxonomy":"product_tag","embeddable":true,"href":"https:\/\/staging.nbg.eu\/fr\/wp-json\/wp\/v2\/product_tag?post=74343"}],"curies":[{"name":"wp","href":"https:\/\/api.w.org\/{rel}","templated":true}]}}