{"id":74275,"date":"2024-10-20T10:20:59","date_gmt":"2024-10-30T09:03:00","guid":{"rendered":"https:\/\/staging.nbg.eu\/product\/fully-adjustable-rear-sight-kmr\/"},"modified":"2024-10-30T09:04:51","modified_gmt":"2024-10-30T09:04:51","slug":"hausse-arriere-entierement-reglable-kmr","status":"publish","type":"product","link":"https:\/\/staging.nbg.eu\/fr\/produit\/hausse-arriere-entierement-reglable-kmr\/","title":{"rendered":"Hausse arri\u00e8re enti\u00e8rement r\u00e9glable KMR"},"content":{"rendered":"<div class=\"product-description\">\n<h2>Hausse arri\u00e8re enti\u00e8rement r\u00e9glable pour KMR<\/h2>\n<p>Hausse arri\u00e8re enti\u00e8rement r\u00e9glable con\u00e7ue pour les mod\u00e8les KMR et CZ. Cette hausse offre :<\/p>\n<ul>\n<li>Compatibilit\u00e9 avec CZ SP01 Shadow 1 et CZ Shadow 2<\/li>\n<li>Performance avec des hausses avant de 7,5-8,0 mm<\/li>\n<li>R\u00e9glages pour am\u00e9liorer la pr\u00e9cision<\/li>\n<li>Construction durable<\/li>\n<\/ul>\n<p>Am\u00e9liorez le syst\u00e8me de vis\u00e9e de votre arme \u00e0 feu. Remarque : Cette hausse n&rsquo;est pas compatible avec les mod\u00e8les CZ 75 TS.<\/p>\n<p>Hausse arri\u00e8re enti\u00e8rement r\u00e9glable pour votre pistolet KMR ou CZ.<\/p>\n<\/div>\n","protected":false},"excerpt":{"rendered":"<p>Hausse arri\u00e8re de pr\u00e9cision pour KMR et CZ.<\/p>\n","protected":false},"featured_media":73519,"template":"","meta":{"_acf_changed":false},"product_brand":[],"product_cat":[12145],"product_tag":[],"class_list":{"0":"post-74275","1":"product","2":"type-product","3":"status-publish","4":"has-post-thumbnail","6":"product_cat-pieces-kmr","8":"first","9":"instock","10":"taxable","11":"shipping-taxable","12":"purchasable","13":"product-type-simple"},"acf":[],"_links":{"self":[{"href":"https:\/\/staging.nbg.eu\/fr\/wp-json\/wp\/v2\/product\/74275","targetHints":{"allow":["GET"]}}],"collection":[{"href":"https:\/\/staging.nbg.eu\/fr\/wp-json\/wp\/v2\/product"}],"about":[{"href":"https:\/\/staging.nbg.eu\/fr\/wp-json\/wp\/v2\/types\/product"}],"wp:featuredmedia":[{"embeddable":true,"href":"https:\/\/staging.nbg.eu\/fr\/wp-json\/wp\/v2\/media\/73519"}],"wp:attachment":[{"href":"https:\/\/staging.nbg.eu\/fr\/wp-json\/wp\/v2\/media?parent=74275"}],"wp:term":[{"taxonomy":"product_brand","embeddable":true,"href":"https:\/\/staging.nbg.eu\/fr\/wp-json\/wp\/v2\/product_brand?post=74275"},{"taxonomy":"product_cat","embeddable":true,"href":"https:\/\/staging.nbg.eu\/fr\/wp-json\/wp\/v2\/product_cat?post=74275"},{"taxonomy":"product_tag","embeddable":true,"href":"https:\/\/staging.nbg.eu\/fr\/wp-json\/wp\/v2\/product_tag?post=74275"}],"curies":[{"name":"wp","href":"https:\/\/api.w.org\/{rel}","templated":true}]}}