{"id":74209,"date":"2024-10-18T20:28:40","date_gmt":"2024-10-30T08:47:48","guid":{"rendered":"https:\/\/staging.nbg.eu\/product\/extractor-l-02-40sw-kmr\/"},"modified":"2024-10-30T08:49:32","modified_gmt":"2024-10-30T08:49:32","slug":"extracteur-l-02-40sw-kmr","status":"publish","type":"product","link":"https:\/\/staging.nbg.eu\/fr\/produit\/extracteur-l-02-40sw-kmr\/","title":{"rendered":"Extracteur L-02 .40SW &#8211; KMR"},"content":{"rendered":"<div class=\"product-description\">\n<h2>Extracteur L-02 .40SW &#8211; KMR<\/h2>\n<p>Pi\u00e8ce de remplacement pour le pistolet KMR L-02. Con\u00e7u pour le calibre .40 S&amp;W, cet extracteur assure l&rsquo;extraction des cartouches et le fonctionnement du pistolet. Fabriqu\u00e9 \u00e0 partir de mat\u00e9riaux r\u00e9sistants pour une utilisation fr\u00e9quente. Ce composant vise \u00e0 maintenir la pr\u00e9cision et la fiabilit\u00e9 de l&rsquo;arme \u00e0 feu.<\/p>\n<\/div>\n","protected":false},"excerpt":{"rendered":"<p>Extracteur de pr\u00e9cision pour pistolet KMR L-02 en calibre 40 S&amp;W.<\/p>\n","protected":false},"featured_media":72588,"template":"","meta":{"_acf_changed":false},"product_brand":[],"product_cat":[12145],"product_tag":[],"class_list":{"0":"post-74209","1":"product","2":"type-product","3":"status-publish","4":"has-post-thumbnail","6":"product_cat-pieces-kmr","8":"first","9":"instock","10":"taxable","11":"shipping-taxable","12":"purchasable","13":"product-type-simple"},"acf":[],"_links":{"self":[{"href":"https:\/\/staging.nbg.eu\/fr\/wp-json\/wp\/v2\/product\/74209","targetHints":{"allow":["GET"]}}],"collection":[{"href":"https:\/\/staging.nbg.eu\/fr\/wp-json\/wp\/v2\/product"}],"about":[{"href":"https:\/\/staging.nbg.eu\/fr\/wp-json\/wp\/v2\/types\/product"}],"wp:featuredmedia":[{"embeddable":true,"href":"https:\/\/staging.nbg.eu\/fr\/wp-json\/wp\/v2\/media\/72588"}],"wp:attachment":[{"href":"https:\/\/staging.nbg.eu\/fr\/wp-json\/wp\/v2\/media?parent=74209"}],"wp:term":[{"taxonomy":"product_brand","embeddable":true,"href":"https:\/\/staging.nbg.eu\/fr\/wp-json\/wp\/v2\/product_brand?post=74209"},{"taxonomy":"product_cat","embeddable":true,"href":"https:\/\/staging.nbg.eu\/fr\/wp-json\/wp\/v2\/product_cat?post=74209"},{"taxonomy":"product_tag","embeddable":true,"href":"https:\/\/staging.nbg.eu\/fr\/wp-json\/wp\/v2\/product_tag?post=74209"}],"curies":[{"name":"wp","href":"https:\/\/api.w.org\/{rel}","templated":true}]}}