{"id":74165,"date":"2024-10-18T20:15:25","date_gmt":"2024-10-30T08:38:12","guid":{"rendered":"https:\/\/staging.nbg.eu\/product\/nitehog-sight-spot-hog-red-dot\/"},"modified":"2024-10-30T08:40:22","modified_gmt":"2024-10-30T08:40:22","slug":"nitehog-sight-spot-hog-point-rouge","status":"publish","type":"product","link":"https:\/\/staging.nbg.eu\/fr\/produit\/nitehog-sight-spot-hog-point-rouge\/","title":{"rendered":"NiteHog Sight Spot Hog Point Rouge"},"content":{"rendered":"<div class=\"product-description\">\n<h2>Point rouge NiteHog Sight Spot Hog<\/h2>\n<p>Le point rouge Spot Hog est un viseur optique 1x17x24 sans parallaxe. Il dispose d&rsquo;un point de 3 MOA avec 8 niveaux de luminosit\u00e9 et 2 r\u00e9glages pour vision nocturne, adapt\u00e9 \u00e0 diff\u00e9rentes conditions d&rsquo;\u00e9clairage.<\/p>\n<ul>\n<li>R\u00e9sistant aux chocs et \u00e0 l&rsquo;eau (IPX6)<\/li>\n<li>Compatible avec les munitions 9mm, 45ACP, calibre 12 et Lapua Magnum 338<\/li>\n<li>Conception fine et basse avec structure sans accroc<\/li>\n<li>Arr\u00eat automatique apr\u00e8s 2 minutes d&rsquo;inactivit\u00e9<\/li>\n<li>Autonomie de 50 000 heures au r\u00e9glage le plus bas (pile CR2032, non incluse)<\/li>\n<li>Montage Weaver pour installation facile<\/li>\n<\/ul>\n<p>Le Spot Hog est compact et fiable.<\/p>\n<\/div>\n","protected":false},"excerpt":{"rendered":"<p>Viseur point rouge 1x17x24 durable, sans parallaxe, avec 8 niveaux d&rsquo;intensit\u00e9.<\/p>\n","protected":false},"featured_media":72541,"template":"","meta":{"_acf_changed":false},"product_brand":[11586],"product_cat":[12170,12203,12169],"product_tag":[],"class_list":{"0":"post-74165","1":"product","2":"type-product","3":"status-publish","4":"has-post-thumbnail","6":"product_brand-nitehog","7":"product_cat-points-rouges","8":"product_cat-points-rouges-fusil","9":"product_cat-visee","11":"first","12":"instock","13":"taxable","14":"shipping-taxable","15":"purchasable","16":"product-type-simple"},"acf":[],"_links":{"self":[{"href":"https:\/\/staging.nbg.eu\/fr\/wp-json\/wp\/v2\/product\/74165","targetHints":{"allow":["GET"]}}],"collection":[{"href":"https:\/\/staging.nbg.eu\/fr\/wp-json\/wp\/v2\/product"}],"about":[{"href":"https:\/\/staging.nbg.eu\/fr\/wp-json\/wp\/v2\/types\/product"}],"wp:featuredmedia":[{"embeddable":true,"href":"https:\/\/staging.nbg.eu\/fr\/wp-json\/wp\/v2\/media\/72541"}],"wp:attachment":[{"href":"https:\/\/staging.nbg.eu\/fr\/wp-json\/wp\/v2\/media?parent=74165"}],"wp:term":[{"taxonomy":"product_brand","embeddable":true,"href":"https:\/\/staging.nbg.eu\/fr\/wp-json\/wp\/v2\/product_brand?post=74165"},{"taxonomy":"product_cat","embeddable":true,"href":"https:\/\/staging.nbg.eu\/fr\/wp-json\/wp\/v2\/product_cat?post=74165"},{"taxonomy":"product_tag","embeddable":true,"href":"https:\/\/staging.nbg.eu\/fr\/wp-json\/wp\/v2\/product_tag?post=74165"}],"curies":[{"name":"wp","href":"https:\/\/api.w.org\/{rel}","templated":true}]}}