{"id":74119,"date":"2024-10-18T19:20:25","date_gmt":"2024-10-29T10:06:14","guid":{"rendered":"https:\/\/staging.nbg.eu\/product\/casio-prw-61y-3er\/"},"modified":"2024-10-29T10:07:58","modified_gmt":"2024-10-29T10:07:58","slug":"casio-prw-61y-3er","status":"publish","type":"product","link":"https:\/\/staging.nbg.eu\/fr\/produit\/casio-prw-61y-3er\/","title":{"rendered":"Casio PRW-61Y-3ER"},"content":{"rendered":"<div class=\"product-description\">\n<h2>Casio PRW-61Y-3ER : Montre ext\u00e9rieure \u00e9cologique<\/h2>\n<p>Le PRO TREK PRW-61Y-3ER est la premi\u00e8re montre de Casio \u00e0 utiliser des plastiques biosourc\u00e9s dans son bo\u00eetier et son bracelet. Cette montre combine durabilit\u00e9 et r\u00e9sistance, offrant une r\u00e9sistance \u00e0 l&rsquo;usage intensif et un confort.<\/p>\n<ul>\n<li>Plastiques biosourc\u00e9s d\u00e9riv\u00e9s de graines de ricin et de ma\u00efs<\/li>\n<li>Cadran contrast\u00e9 avec index blancs pour une visibilit\u00e9 optimale<\/li>\n<li>Triple capteur : boussole num\u00e9rique, barom\u00e8tre\/altim\u00e8tre et thermom\u00e8tre<\/li>\n<li>Synchronisation horaire radio-pilot\u00e9e Multi Band 6<\/li>\n<li>Syst\u00e8me d&rsquo;alimentation solaire<\/li>\n<li>\u00c9clairage LED double automatique<\/li>\n<li>Bracelet en ur\u00e9thane souple pour le confort<\/li>\n<li>Lunette en acier inoxydable grav\u00e9e avec des codes de villes<\/li>\n<li>Design compact pour un mouvement du poignet libre<\/li>\n<\/ul>\n<p>Le PRW-61Y-3ER convient aux amateurs d&rsquo;activit\u00e9s de plein air qui valorisent la performance et la responsabilit\u00e9 environnementale.<\/p>\n<\/div>\n","protected":false},"excerpt":{"rendered":"<p>&#8220;Montre PRO TREK \u00e9cologique avec plastiques issus de la biomasse et fonctionnalit\u00e9s pour l&rsquo;ext\u00e9rieur.&#8221;<\/p>\n","protected":false},"featured_media":71868,"template":"","meta":{"_acf_changed":false},"product_brand":[11200],"product_cat":[12183,12159],"product_tag":[],"class_list":{"0":"post-74119","1":"product","2":"type-product","3":"status-publish","4":"has-post-thumbnail","6":"product_brand-casio","7":"product_cat-edc","8":"product_cat-montres","10":"first","11":"instock","12":"taxable","13":"shipping-taxable","14":"purchasable","15":"product-type-simple"},"acf":[],"_links":{"self":[{"href":"https:\/\/staging.nbg.eu\/fr\/wp-json\/wp\/v2\/product\/74119","targetHints":{"allow":["GET"]}}],"collection":[{"href":"https:\/\/staging.nbg.eu\/fr\/wp-json\/wp\/v2\/product"}],"about":[{"href":"https:\/\/staging.nbg.eu\/fr\/wp-json\/wp\/v2\/types\/product"}],"wp:featuredmedia":[{"embeddable":true,"href":"https:\/\/staging.nbg.eu\/fr\/wp-json\/wp\/v2\/media\/71868"}],"wp:attachment":[{"href":"https:\/\/staging.nbg.eu\/fr\/wp-json\/wp\/v2\/media?parent=74119"}],"wp:term":[{"taxonomy":"product_brand","embeddable":true,"href":"https:\/\/staging.nbg.eu\/fr\/wp-json\/wp\/v2\/product_brand?post=74119"},{"taxonomy":"product_cat","embeddable":true,"href":"https:\/\/staging.nbg.eu\/fr\/wp-json\/wp\/v2\/product_cat?post=74119"},{"taxonomy":"product_tag","embeddable":true,"href":"https:\/\/staging.nbg.eu\/fr\/wp-json\/wp\/v2\/product_tag?post=74119"}],"curies":[{"name":"wp","href":"https:\/\/api.w.org\/{rel}","templated":true}]}}