{"id":74097,"date":"2024-10-18T19:05:21","date_gmt":"2024-10-29T10:03:24","guid":{"rendered":"https:\/\/staging.nbg.eu\/product\/casio-prg-340t-7er\/"},"modified":"2024-10-29T10:05:10","modified_gmt":"2024-10-29T10:05:10","slug":"casio-prg-340t-7er","status":"publish","type":"product","link":"https:\/\/staging.nbg.eu\/fr\/produit\/casio-prg-340t-7er\/","title":{"rendered":"Casio PRG-340T-7ER"},"content":{"rendered":"<h2>Casio PRG-340T-7ER<\/h2>\n<p>Le Casio PRG-340T-7ER est une montre pour les activit\u00e9s de plein air. Cette montre robuste comprend :<\/p>\n<ul>\n<li>Boussole num\u00e9rique pour l&rsquo;orientation<\/li>\n<li>Altim\u00e8tre et barom\u00e8tre pour mesurer l&rsquo;altitude et la pression<\/li>\n<li>Thermom\u00e8tre pour mesurer la temp\u00e9rature<\/li>\n<li>\u00c9cran LCD duplex pour une meilleure lisibilit\u00e9<\/li>\n<li>Construction en plastiques biosourc\u00e9s<\/li>\n<li>Boutons de fonction directe pour une utilisation facile<\/li>\n<li>Alimentation solaire<\/li>\n<li>\u00c9clairage pour une visibilit\u00e9 dans l&rsquo;obscurit\u00e9<\/li>\n<\/ul>\n<p>Avec sa r\u00e9sistance \u00e0 l&rsquo;eau de 10 bars, sa r\u00e9sistance aux basses temp\u00e9ratures, et des fonctions suppl\u00e9mentaires comme l&rsquo;heure mondiale et l&rsquo;affichage du lever\/coucher du soleil, la PRG-340T-7ER est un outil pour les amateurs d&rsquo;activit\u00e9s de plein air.<\/p>\n","protected":false},"excerpt":{"rendered":"<p>Montre robuste d&rsquo;ext\u00e9rieur avec boussole, altim\u00e8tre et conception \u00e9cologique.<\/p>\n","protected":false},"featured_media":71752,"template":"","meta":{"_acf_changed":false},"product_brand":[11200],"product_cat":[12183,12159],"product_tag":[],"class_list":{"0":"post-74097","1":"product","2":"type-product","3":"status-publish","4":"has-post-thumbnail","6":"product_brand-casio","7":"product_cat-edc","8":"product_cat-montres","10":"first","11":"instock","12":"taxable","13":"shipping-taxable","14":"purchasable","15":"product-type-simple"},"acf":[],"_links":{"self":[{"href":"https:\/\/staging.nbg.eu\/fr\/wp-json\/wp\/v2\/product\/74097","targetHints":{"allow":["GET"]}}],"collection":[{"href":"https:\/\/staging.nbg.eu\/fr\/wp-json\/wp\/v2\/product"}],"about":[{"href":"https:\/\/staging.nbg.eu\/fr\/wp-json\/wp\/v2\/types\/product"}],"wp:featuredmedia":[{"embeddable":true,"href":"https:\/\/staging.nbg.eu\/fr\/wp-json\/wp\/v2\/media\/71752"}],"wp:attachment":[{"href":"https:\/\/staging.nbg.eu\/fr\/wp-json\/wp\/v2\/media?parent=74097"}],"wp:term":[{"taxonomy":"product_brand","embeddable":true,"href":"https:\/\/staging.nbg.eu\/fr\/wp-json\/wp\/v2\/product_brand?post=74097"},{"taxonomy":"product_cat","embeddable":true,"href":"https:\/\/staging.nbg.eu\/fr\/wp-json\/wp\/v2\/product_cat?post=74097"},{"taxonomy":"product_tag","embeddable":true,"href":"https:\/\/staging.nbg.eu\/fr\/wp-json\/wp\/v2\/product_tag?post=74097"}],"curies":[{"name":"wp","href":"https:\/\/api.w.org\/{rel}","templated":true}]}}