{"id":74075,"date":"2024-10-18T18:54:11","date_gmt":"2024-10-29T10:01:29","guid":{"rendered":"https:\/\/staging.nbg.eu\/product\/casio-prg-270-1er\/"},"modified":"2024-10-29T10:03:13","modified_gmt":"2024-10-29T10:03:13","slug":"casio-prg-270-1er","status":"publish","type":"product","link":"https:\/\/staging.nbg.eu\/fr\/produit\/casio-prg-270-1er\/","title":{"rendered":"Casio PRG-270-1ER"},"content":{"rendered":"<div class=\"product-description\">\n<h2>Casio PRG-270-1ER : Montre pour l&rsquo;ext\u00e9rieur<\/h2>\n<p>Le Casio PRG-270-1ER est \u00e9quip\u00e9 du Triple Sensor Version 3. Ce mod\u00e8le PRO TREK compact fournit des mesures d&rsquo;altitude, de pression barom\u00e9trique et de direction.<\/p>\n<ul>\n<li>Alimentation solaire<\/li>\n<li>Triple Sensor : Boussole, Barom\u00e8tre\/Thermom\u00e8tre, Altim\u00e8tre<\/li>\n<li>R\u00e9sistant aux basses temp\u00e9ratures (-10\u00baC\/14\u00baF)<\/li>\n<li>\u00c9tanche jusqu&rsquo;\u00e0 100 m\u00e8tres<\/li>\n<li>Alarme de tendance barom\u00e9trique<\/li>\n<li>Grands boutons lat\u00e9raux<\/li>\n<li>Affichage des heures de lever\/coucher du soleil<\/li>\n<li>\u00c9clairage automatique pour conditions de faible luminosit\u00e9<\/li>\n<\/ul>\n<p>Cette montre est con\u00e7ue pour les activit\u00e9s en ext\u00e9rieur. Le Casio PRG-270-1ER est un \u00e9quipement pour vos aventures.<\/p>\n<\/div>\n","protected":false},"excerpt":{"rendered":"<p>Montre robuste d&rsquo;ext\u00e9rieur avec Triple Capteur et alimentation Tough Solar.<\/p>\n","protected":false},"featured_media":71521,"template":"","meta":{"_acf_changed":false},"product_brand":[11200],"product_cat":[12183,12159],"product_tag":[],"class_list":{"0":"post-74075","1":"product","2":"type-product","3":"status-publish","4":"has-post-thumbnail","6":"product_brand-casio","7":"product_cat-edc","8":"product_cat-montres","10":"first","11":"instock","12":"taxable","13":"shipping-taxable","14":"purchasable","15":"product-type-simple"},"acf":[],"_links":{"self":[{"href":"https:\/\/staging.nbg.eu\/fr\/wp-json\/wp\/v2\/product\/74075","targetHints":{"allow":["GET"]}}],"collection":[{"href":"https:\/\/staging.nbg.eu\/fr\/wp-json\/wp\/v2\/product"}],"about":[{"href":"https:\/\/staging.nbg.eu\/fr\/wp-json\/wp\/v2\/types\/product"}],"wp:featuredmedia":[{"embeddable":true,"href":"https:\/\/staging.nbg.eu\/fr\/wp-json\/wp\/v2\/media\/71521"}],"wp:attachment":[{"href":"https:\/\/staging.nbg.eu\/fr\/wp-json\/wp\/v2\/media?parent=74075"}],"wp:term":[{"taxonomy":"product_brand","embeddable":true,"href":"https:\/\/staging.nbg.eu\/fr\/wp-json\/wp\/v2\/product_brand?post=74075"},{"taxonomy":"product_cat","embeddable":true,"href":"https:\/\/staging.nbg.eu\/fr\/wp-json\/wp\/v2\/product_cat?post=74075"},{"taxonomy":"product_tag","embeddable":true,"href":"https:\/\/staging.nbg.eu\/fr\/wp-json\/wp\/v2\/product_tag?post=74075"}],"curies":[{"name":"wp","href":"https:\/\/api.w.org\/{rel}","templated":true}]}}