{"id":74027,"date":"2024-10-16T20:26:30","date_gmt":"2024-10-25T14:29:17","guid":{"rendered":"https:\/\/staging.nbg.eu\/product\/casio-gbdh2000-1aer\/"},"modified":"2024-10-25T14:30:55","modified_gmt":"2024-10-25T14:30:55","slug":"casio-gbdh2000-1aer","status":"publish","type":"product","link":"https:\/\/staging.nbg.eu\/fr\/produit\/casio-gbdh2000-1aer\/","title":{"rendered":"Casio GBDH2000-1AER"},"content":{"rendered":"<h2>Casio GBDH2000-1AER : Montre de fitness<\/h2>\n<p>La Casio GBDH2000-1AER est \u00e9quip\u00e9e de 6 capteurs et d&rsquo;une fonction GPS. Cette montre surveille l&rsquo;activit\u00e9 physique en temps r\u00e9el pour 8 sports diff\u00e9rents, dont la course, le cyclisme et la natation.<\/p>\n<ul>\n<li>Mesure la distance, la vitesse, le temps, l&rsquo;allure, la fr\u00e9quence cardiaque et les calories br\u00fbl\u00e9es<\/li>\n<li>Mesure le taux d&rsquo;oxyg\u00e8ne dans le sang<\/li>\n<li>Cadre \u00e0 double couche pour le confort et l&rsquo;utilisation<\/li>\n<li>Charge assist\u00e9e par \u00e9nergie solaire<\/li>\n<li>Fonctions intelligentes : notifications et heure mondiale pour 300 villes<\/li>\n<\/ul>\n<p>Fabriqu\u00e9e avec des plastiques biosourc\u00e9s, la GBDH2000-1AER combine technologie et respect de l&rsquo;environnement. Cette montre convient aux athl\u00e8tes et aux amateurs de fitness.<\/p>\n","protected":false},"excerpt":{"rendered":"<p>Montre de sport avec GPS int\u00e9gr\u00e9, dot\u00e9e de 6 capteurs et permettant le suivi de 8 activit\u00e9s.<\/p>\n","protected":false},"featured_media":71405,"template":"","meta":{"_acf_changed":false},"product_brand":[11200],"product_cat":[12183,12159],"product_tag":[],"class_list":{"0":"post-74027","1":"product","2":"type-product","3":"status-publish","4":"has-post-thumbnail","6":"product_brand-casio","7":"product_cat-edc","8":"product_cat-montres","10":"first","11":"instock","12":"taxable","13":"shipping-taxable","14":"purchasable","15":"product-type-simple"},"acf":[],"_links":{"self":[{"href":"https:\/\/staging.nbg.eu\/fr\/wp-json\/wp\/v2\/product\/74027","targetHints":{"allow":["GET"]}}],"collection":[{"href":"https:\/\/staging.nbg.eu\/fr\/wp-json\/wp\/v2\/product"}],"about":[{"href":"https:\/\/staging.nbg.eu\/fr\/wp-json\/wp\/v2\/types\/product"}],"wp:featuredmedia":[{"embeddable":true,"href":"https:\/\/staging.nbg.eu\/fr\/wp-json\/wp\/v2\/media\/71405"}],"wp:attachment":[{"href":"https:\/\/staging.nbg.eu\/fr\/wp-json\/wp\/v2\/media?parent=74027"}],"wp:term":[{"taxonomy":"product_brand","embeddable":true,"href":"https:\/\/staging.nbg.eu\/fr\/wp-json\/wp\/v2\/product_brand?post=74027"},{"taxonomy":"product_cat","embeddable":true,"href":"https:\/\/staging.nbg.eu\/fr\/wp-json\/wp\/v2\/product_cat?post=74027"},{"taxonomy":"product_tag","embeddable":true,"href":"https:\/\/staging.nbg.eu\/fr\/wp-json\/wp\/v2\/product_tag?post=74027"}],"curies":[{"name":"wp","href":"https:\/\/api.w.org\/{rel}","templated":true}]}}