{"id":74005,"date":"2024-01-30T18:02:27","date_gmt":"2024-01-30T18:02:27","guid":{"rendered":"https:\/\/staging.nbg.eu\/product\/holosun-hs403b\/"},"modified":"2024-10-25T14:25:55","modified_gmt":"2024-10-25T14:25:55","slug":"holosun-hs403b","status":"publish","type":"product","link":"https:\/\/staging.nbg.eu\/fr\/produit\/holosun-hs403b\/","title":{"rendered":"Holosun HS403B"},"content":{"rendered":"<div class=\"product-description\">\n<h2>Viseur point rouge micro Holosun HS403B<\/h2>\n<p>Le Holosun HS403B est un viseur micro compact de 20mm pour les applications sur fusils et carabines. Caract\u00e9ristiques :<\/p>\n<ul>\n<li>LED rouge avec autonomie de batterie de 50 000 heures<\/li>\n<li>10 r\u00e9glages de r\u00e9ticule pour le jour et 2 compatibles vision nocturne<\/li>\n<li>Bo\u00eetier en aluminium 6061<\/li>\n<li>Montage co-t\u00e9moin bas 1\/3 (1,63&Prime;) et montage bas (0,75&Prime;) inclus<\/li>\n<li>Technologie Shake Awake pour prolonger la dur\u00e9e de vie de la batterie<\/li>\n<li>Boutons num\u00e9riques pour des ajustements faciles<\/li>\n<li>Couvercles de lentille en caoutchouc pour protection<\/li>\n<li>Compartiment de batterie 2032 lat\u00e9ral pour des changements pratiques<\/li>\n<\/ul>\n<p>Avec ses fonctionnalit\u00e9s et sa construction, le HS403B convient aux tireurs de tous niveaux. \u00c9tanche selon la norme IP67 et capable de r\u00e9sister \u00e0 1000G de vibrations, ce viseur est con\u00e7u pour fonctionner dans toutes les conditions.<\/p>\n<\/div>\n","protected":false},"excerpt":{"rendered":"<p>Viseur point rouge compact de 20 mm avec une autonomie de batterie de 50 000 heures et un montage polyvalent.<\/p>\n","protected":false},"featured_media":72263,"template":"","meta":{"_acf_changed":false},"product_brand":[11427],"product_cat":[12170,12203,12169],"product_tag":[],"class_list":{"0":"post-74005","1":"product","2":"type-product","3":"status-publish","4":"has-post-thumbnail","6":"product_brand-holosun","7":"product_cat-points-rouges","8":"product_cat-points-rouges-fusil","9":"product_cat-visee","11":"first","12":"instock","13":"taxable","14":"shipping-taxable","15":"purchasable","16":"product-type-simple"},"acf":[],"_links":{"self":[{"href":"https:\/\/staging.nbg.eu\/fr\/wp-json\/wp\/v2\/product\/74005","targetHints":{"allow":["GET"]}}],"collection":[{"href":"https:\/\/staging.nbg.eu\/fr\/wp-json\/wp\/v2\/product"}],"about":[{"href":"https:\/\/staging.nbg.eu\/fr\/wp-json\/wp\/v2\/types\/product"}],"wp:featuredmedia":[{"embeddable":true,"href":"https:\/\/staging.nbg.eu\/fr\/wp-json\/wp\/v2\/media\/72263"}],"wp:attachment":[{"href":"https:\/\/staging.nbg.eu\/fr\/wp-json\/wp\/v2\/media?parent=74005"}],"wp:term":[{"taxonomy":"product_brand","embeddable":true,"href":"https:\/\/staging.nbg.eu\/fr\/wp-json\/wp\/v2\/product_brand?post=74005"},{"taxonomy":"product_cat","embeddable":true,"href":"https:\/\/staging.nbg.eu\/fr\/wp-json\/wp\/v2\/product_cat?post=74005"},{"taxonomy":"product_tag","embeddable":true,"href":"https:\/\/staging.nbg.eu\/fr\/wp-json\/wp\/v2\/product_tag?post=74005"}],"curies":[{"name":"wp","href":"https:\/\/api.w.org\/{rel}","templated":true}]}}