{"id":73983,"date":"2024-10-18T20:01:13","date_gmt":"2024-10-18T20:01:13","guid":{"rendered":"https:\/\/staging.nbg.eu\/product\/holosun-hs515cm-red-dot-sight\/"},"modified":"2024-10-25T14:24:16","modified_gmt":"2024-10-25T14:24:16","slug":"holosun-hs515cm-viseur-point-rouge","status":"publish","type":"product","link":"https:\/\/staging.nbg.eu\/fr\/produit\/holosun-hs515cm-viseur-point-rouge\/","title":{"rendered":"Holosun HS515CM &#8211; Viseur Point Rouge"},"content":{"rendered":"<div class=\"product-description\">\n<h2>Holosun HS515CM &#8211; Viseur point rouge<\/h2>\n<p>Le HS515CM est un micro viseur de 20mm pour fusils et carabines. Construit en aluminium 7075, il comprend :<\/p>\n<ul>\n<li>Capuchons de lentille transparents, amovibles et rotatifs<\/li>\n<li>Montage QD co-t\u00e9moin basse 1\/3 (1,63&Prime;)<\/li>\n<li>Indice d&rsquo;\u00e9tanch\u00e9it\u00e9 IP68<\/li>\n<li>Technologie de secours solaire<\/li>\n<li>Syst\u00e8me multi-r\u00e9ticule avec LED rouge<\/li>\n<li>10 r\u00e9glages diurnes et 2 r\u00e9glages pour vision nocturne<\/li>\n<li>Technologie d&rsquo;activation par mouvement<\/li>\n<li>Dur\u00e9e de vie de la batterie jusqu&rsquo;\u00e0 50 000 heures<\/li>\n<li>Remplacement de la batterie lat\u00e9ral sans outils<\/li>\n<\/ul>\n<p>Con\u00e7u pour un usage sportif et professionnel, le HS515CM offre des ajustements de 0,5 MOA et une plage de r\u00e9glage de \u00b150 MOA. Il est con\u00e7u pour r\u00e9sister \u00e0 des temp\u00e9ratures extr\u00eames et \u00e0 des vibrations de 1000G.<\/p>\n<\/div>\n","protected":false},"excerpt":{"rendered":"<p>Viseur point rouge micro 20mm durable pour fusils, aliment\u00e9 par \u00e9nergie solaire, \u00e9tanche.<\/p>\n","protected":false},"featured_media":72402,"template":"","meta":{"_acf_changed":false},"product_brand":[11427],"product_cat":[12170,12203,12169],"product_tag":[],"class_list":{"0":"post-73983","1":"product","2":"type-product","3":"status-publish","4":"has-post-thumbnail","6":"product_brand-holosun","7":"product_cat-points-rouges","8":"product_cat-points-rouges-fusil","9":"product_cat-visee","11":"first","12":"instock","13":"taxable","14":"shipping-taxable","15":"purchasable","16":"product-type-simple"},"acf":[],"_links":{"self":[{"href":"https:\/\/staging.nbg.eu\/fr\/wp-json\/wp\/v2\/product\/73983","targetHints":{"allow":["GET"]}}],"collection":[{"href":"https:\/\/staging.nbg.eu\/fr\/wp-json\/wp\/v2\/product"}],"about":[{"href":"https:\/\/staging.nbg.eu\/fr\/wp-json\/wp\/v2\/types\/product"}],"wp:featuredmedia":[{"embeddable":true,"href":"https:\/\/staging.nbg.eu\/fr\/wp-json\/wp\/v2\/media\/72402"}],"wp:attachment":[{"href":"https:\/\/staging.nbg.eu\/fr\/wp-json\/wp\/v2\/media?parent=73983"}],"wp:term":[{"taxonomy":"product_brand","embeddable":true,"href":"https:\/\/staging.nbg.eu\/fr\/wp-json\/wp\/v2\/product_brand?post=73983"},{"taxonomy":"product_cat","embeddable":true,"href":"https:\/\/staging.nbg.eu\/fr\/wp-json\/wp\/v2\/product_cat?post=73983"},{"taxonomy":"product_tag","embeddable":true,"href":"https:\/\/staging.nbg.eu\/fr\/wp-json\/wp\/v2\/product_tag?post=73983"}],"curies":[{"name":"wp","href":"https:\/\/api.w.org\/{rel}","templated":true}]}}