{"id":73961,"date":"2024-10-16T20:13:36","date_gmt":"2024-10-25T10:17:01","guid":{"rendered":"https:\/\/staging.nbg.eu\/product\/casio-gbd-800uc-5er\/"},"modified":"2024-10-25T10:18:40","modified_gmt":"2024-10-25T10:18:40","slug":"casio-gbd-800uc-5er","status":"publish","type":"product","link":"https:\/\/staging.nbg.eu\/fr\/produit\/casio-gbd-800uc-5er\/","title":{"rendered":"Casio GBD-800UC-5ER"},"content":{"rendered":"<div class=\"product-description\">\n<h2>Casio GBD-800UC-5ER : Montre pour le fitness<\/h2>\n<p>Le Casio GBD-800UC-5ER est une montre avec un bo\u00eetier et un bracelet en r\u00e9sine, con\u00e7ue pour r\u00e9sister \u00e0 un mode de vie actif.<\/p>\n<ul>\n<li>Dimensions : 54,1 \u00d7 48,6 \u00d7 15,5 mm, poids : 59g<\/li>\n<li>Construction r\u00e9sistante aux chocs<\/li>\n<li>\u00c9tanch\u00e9it\u00e9 jusqu&rsquo;\u00e0 200 m\u00e8tres<\/li>\n<li>Autonomie de 3 ans avec pile CR2025<\/li>\n<li>Compteur de pas avec capteur d&rsquo;acc\u00e9l\u00e9ration 3 axes<\/li>\n<li>Affichage de la progression vers l&rsquo;objectif de pas et graphique des pas sur 7 heures<\/li>\n<li>Fonction d&rsquo;\u00e9conomie d&rsquo;\u00e9nergie<\/li>\n<\/ul>\n<p>Le GBD-800UC-5ER permet de suivre vos activit\u00e9s physiques.<\/p>\n<\/div>\n","protected":false},"excerpt":{"rendered":"<p>G-Shock robuste avec podom\u00e8tre, \u00e9tanche jusqu&rsquo;\u00e0 200m, batterie d&rsquo;une dur\u00e9e de 3 ans.<\/p>\n","protected":false},"featured_media":71241,"template":"","meta":{"_acf_changed":false},"product_brand":[11200],"product_cat":[12183,12159],"product_tag":[],"class_list":{"0":"post-73961","1":"product","2":"type-product","3":"status-publish","4":"has-post-thumbnail","6":"product_brand-casio","7":"product_cat-edc","8":"product_cat-montres","10":"first","11":"instock","12":"taxable","13":"shipping-taxable","14":"purchasable","15":"product-type-simple"},"acf":[],"_links":{"self":[{"href":"https:\/\/staging.nbg.eu\/fr\/wp-json\/wp\/v2\/product\/73961","targetHints":{"allow":["GET"]}}],"collection":[{"href":"https:\/\/staging.nbg.eu\/fr\/wp-json\/wp\/v2\/product"}],"about":[{"href":"https:\/\/staging.nbg.eu\/fr\/wp-json\/wp\/v2\/types\/product"}],"wp:featuredmedia":[{"embeddable":true,"href":"https:\/\/staging.nbg.eu\/fr\/wp-json\/wp\/v2\/media\/71241"}],"wp:attachment":[{"href":"https:\/\/staging.nbg.eu\/fr\/wp-json\/wp\/v2\/media?parent=73961"}],"wp:term":[{"taxonomy":"product_brand","embeddable":true,"href":"https:\/\/staging.nbg.eu\/fr\/wp-json\/wp\/v2\/product_brand?post=73961"},{"taxonomy":"product_cat","embeddable":true,"href":"https:\/\/staging.nbg.eu\/fr\/wp-json\/wp\/v2\/product_cat?post=73961"},{"taxonomy":"product_tag","embeddable":true,"href":"https:\/\/staging.nbg.eu\/fr\/wp-json\/wp\/v2\/product_tag?post=73961"}],"curies":[{"name":"wp","href":"https:\/\/api.w.org\/{rel}","templated":true}]}}