{"id":73730,"date":"2024-10-16T19:50:15","date_gmt":"2024-10-21T08:19:24","guid":{"rendered":"https:\/\/staging.nbg.eu\/product\/casio-gba-800-1aer\/"},"modified":"2024-10-21T08:21:06","modified_gmt":"2024-10-21T08:21:06","slug":"casio-gba-800-1aer","status":"publish","type":"product","link":"https:\/\/staging.nbg.eu\/fr\/produit\/casio-gba-800-1aer\/","title":{"rendered":"Casio GBA-800-1AER"},"content":{"rendered":"<h2>Montre Casio GBA-800-1AER G-SQUAD<\/h2>\n<p>La Casio GBA-800-1AER G-SQUAD est une montre sportive. Ce mod\u00e8le combine la durabilit\u00e9 de G-SHOCK avec des fonctionnalit\u00e9s de suivi de fitness.<\/p>\n<ul>\n<li>Connectivit\u00e9 Bluetooth pour l&rsquo;int\u00e9gration avec l&rsquo;application CASIO WATCHES<\/li>\n<li>Acc\u00e9l\u00e9rom\u00e8tre 3 axes pour le comptage des pas<\/li>\n<li>Minuteries personnalisables et m\u00e9moire de 200 tours<\/li>\n<li>Journal de pas avec cinq niveaux d&rsquo;intensit\u00e9 d&rsquo;exercice<\/li>\n<li>Calcul des calories et d\u00e9finition d&rsquo;objectifs de pas<\/li>\n<li>Ajustement automatique de l&rsquo;heure et heure mondiale pour 300 villes<\/li>\n<li>Double \u00e9clairage LED Super Illuminator pour la visibilit\u00e9 en faible luminosit\u00e9<\/li>\n<\/ul>\n<p>La GBA-800-1AER est \u00e9quip\u00e9e d&rsquo;un bracelet en ur\u00e9thane avec un ajustement am\u00e9lior\u00e9. Son bo\u00eetier compact est adapt\u00e9 pour le sport, convenant pour la course, l&rsquo;entra\u00eenement et le port quotidien.<\/p>\n","protected":false},"excerpt":{"rendered":"<p>Montre intelligente sportive avec podom\u00e8tre et synchronisation d&rsquo;applications.<\/p>\n","protected":false},"featured_media":71101,"template":"","meta":{"_acf_changed":false},"product_brand":[11200],"product_cat":[12183,12159],"product_tag":[],"class_list":{"0":"post-73730","1":"product","2":"type-product","3":"status-publish","4":"has-post-thumbnail","6":"product_brand-casio","7":"product_cat-edc","8":"product_cat-montres","10":"first","11":"instock","12":"taxable","13":"shipping-taxable","14":"purchasable","15":"product-type-simple"},"acf":[],"_links":{"self":[{"href":"https:\/\/staging.nbg.eu\/fr\/wp-json\/wp\/v2\/product\/73730","targetHints":{"allow":["GET"]}}],"collection":[{"href":"https:\/\/staging.nbg.eu\/fr\/wp-json\/wp\/v2\/product"}],"about":[{"href":"https:\/\/staging.nbg.eu\/fr\/wp-json\/wp\/v2\/types\/product"}],"wp:featuredmedia":[{"embeddable":true,"href":"https:\/\/staging.nbg.eu\/fr\/wp-json\/wp\/v2\/media\/71101"}],"wp:attachment":[{"href":"https:\/\/staging.nbg.eu\/fr\/wp-json\/wp\/v2\/media?parent=73730"}],"wp:term":[{"taxonomy":"product_brand","embeddable":true,"href":"https:\/\/staging.nbg.eu\/fr\/wp-json\/wp\/v2\/product_brand?post=73730"},{"taxonomy":"product_cat","embeddable":true,"href":"https:\/\/staging.nbg.eu\/fr\/wp-json\/wp\/v2\/product_cat?post=73730"},{"taxonomy":"product_tag","embeddable":true,"href":"https:\/\/staging.nbg.eu\/fr\/wp-json\/wp\/v2\/product_tag?post=73730"}],"curies":[{"name":"wp","href":"https:\/\/api.w.org\/{rel}","templated":true}]}}