{"id":73708,"date":"2024-10-16T19:57:17","date_gmt":"2024-10-21T08:17:12","guid":{"rendered":"https:\/\/staging.nbg.eu\/product\/casio-gbd-800-1ber\/"},"modified":"2024-10-21T08:19:19","modified_gmt":"2024-10-21T08:19:19","slug":"casio-gbd-800-1ber","status":"publish","type":"product","link":"https:\/\/staging.nbg.eu\/fr\/produit\/casio-gbd-800-1ber\/","title":{"rendered":"Casio GBD-800-1BER"},"content":{"rendered":"<h2>Montre de sport Casio GBD-800-1BER G-SQUAD<\/h2>\n<p>La Casio GBD-800-1BER est une montre de sport G-SQUAD con\u00e7ue pour les athl\u00e8tes et l&rsquo;usage quotidien. Cette montre noire comprend :<\/p>\n<ul>\n<li>Affichage num\u00e9rique multi-segments pour une meilleure lisibilit\u00e9<\/li>\n<li>Connectivit\u00e9 Bluetooth avec l&rsquo;application CASIO WATCHES<\/li>\n<li>Acc\u00e9l\u00e9rom\u00e8tre 3 axes pour un comptage pr\u00e9cis des pas<\/li>\n<li>Multi-minuteur avec jusqu&rsquo;\u00e0 20 combinaisons de minuteurs<\/li>\n<li>M\u00e9moire de 200 tours pour un suivi d\u00e9taill\u00e9 des entra\u00eenements<\/li>\n<li>Lumi\u00e8re LED automatique pour une visibilit\u00e9 en basse luminosit\u00e9<\/li>\n<li>Ajustement confortable avec bracelet r\u00e9glable et ailettes arri\u00e8re<\/li>\n<\/ul>\n<p>Avec sa conception, sa construction et ses capacit\u00e9s de suivi de la condition physique, la GBD-800-1BER est un compagnon pour votre mode de vie actif. Cette montre G-SHOCK vous aide \u00e0 rester motiv\u00e9 et \u00e0 atteindre vos objectifs de forme physique, que ce soit \u00e0 la salle de sport ou dans la rue.<\/p>\n","protected":false},"excerpt":{"rendered":"<p>Montre de sport G-SHOCK \u00e9l\u00e9gante avec compteur de pas et connectivit\u00e9 \u00e0 une application smartphone.<\/p>\n","protected":false},"featured_media":100951,"template":"","meta":{"_acf_changed":false},"product_brand":[11200],"product_cat":[12183,12159],"product_tag":[],"class_list":{"0":"post-73708","1":"product","2":"type-product","3":"status-publish","4":"has-post-thumbnail","6":"product_brand-casio","7":"product_cat-edc","8":"product_cat-montres","10":"first","11":"instock","12":"taxable","13":"shipping-taxable","14":"purchasable","15":"product-type-simple"},"acf":[],"_links":{"self":[{"href":"https:\/\/staging.nbg.eu\/fr\/wp-json\/wp\/v2\/product\/73708","targetHints":{"allow":["GET"]}}],"collection":[{"href":"https:\/\/staging.nbg.eu\/fr\/wp-json\/wp\/v2\/product"}],"about":[{"href":"https:\/\/staging.nbg.eu\/fr\/wp-json\/wp\/v2\/types\/product"}],"wp:featuredmedia":[{"embeddable":true,"href":"https:\/\/staging.nbg.eu\/fr\/wp-json\/wp\/v2\/media\/100951"}],"wp:attachment":[{"href":"https:\/\/staging.nbg.eu\/fr\/wp-json\/wp\/v2\/media?parent=73708"}],"wp:term":[{"taxonomy":"product_brand","embeddable":true,"href":"https:\/\/staging.nbg.eu\/fr\/wp-json\/wp\/v2\/product_brand?post=73708"},{"taxonomy":"product_cat","embeddable":true,"href":"https:\/\/staging.nbg.eu\/fr\/wp-json\/wp\/v2\/product_cat?post=73708"},{"taxonomy":"product_tag","embeddable":true,"href":"https:\/\/staging.nbg.eu\/fr\/wp-json\/wp\/v2\/product_tag?post=73708"}],"curies":[{"name":"wp","href":"https:\/\/api.w.org\/{rel}","templated":true}]}}