{"id":68329,"date":"2023-12-10T10:23:45","date_gmt":"2023-12-10T10:23:45","guid":{"rendered":"https:\/\/staging.nbg.eu\/product\/alg-defense-el-jefe-16-5-56mm-black\/"},"modified":"2025-02-07T08:22:36","modified_gmt":"2025-02-07T08:22:36","slug":"alg-defense-el-jefe-16-556mm-noir","status":"publish","type":"product","link":"https:\/\/staging.nbg.eu\/fr\/produit\/alg-defense-el-jefe-16-556mm-noir\/","title":{"rendered":"ALG Defense El Jefe, 16&Prime;, 5.56MM &#8211; Noir"},"content":{"rendered":"<h2>ALG Defense El Jefe, 16&Prime;, 5,56MM &#8211; Noir<\/h2>\n<p>Le fusil ALG Defense El Jefe est un choix pour les tireurs recherchant un fusil de qualit\u00e9 militaire \u00e0 un prix abordable. Ce syst\u00e8me de fusil complet est livr\u00e9 avec une sangle et un viseur point rouge Warner &amp; Swasey.<\/p>\n<h2>Caract\u00e9ristiques principales :<\/h2>\n<ul>\n<li>Receveurs en aluminium 7075, forg\u00e9s et usin\u00e9s CNC<\/li>\n<li>Finition anodis\u00e9e de type 3 noir mat<\/li>\n<li>Garde-main ALG V3X avec emplacements M-LOK<\/li>\n<li>Crosse B5 Systems SOPMOD<\/li>\n<li>Ressort de tampon tress\u00e9 Geissele Super 42 et tampon H1<\/li>\n<li>Groupe porteur de culasse avec placage au chrome dur<\/li>\n<li>D\u00e9tente ALG Defense Advanced Combat Trigger (ACT)<\/li>\n<li>Canon ray\u00e9, plaqu\u00e9 chrome avec chambre 5,56 OTAN<\/li>\n<li>Bloc de gaz Geissele et tube de gaz mi-longueur allong\u00e9<\/li>\n<li>Inclut une sangle de carabine M4 et des pivots QD<\/li>\n<li>Viseur point rouge Warner and Swasey 3 MOA avec mires de secours int\u00e9gr\u00e9es<\/li>\n<\/ul>\n<p>El Jefe combine des composants de qualit\u00e9 pour fournir un fusil fiable, pr\u00e9cis et durable adapt\u00e9 au tir sportif, aux forces de l&rsquo;ordre et \u00e0 la d\u00e9fense personnelle. Avec sa construction et ses accessoires inclus, l&rsquo;ALG Defense El Jefe est un AR-15 \u00e0 prix raisonnable.<\/p>\n","protected":false},"excerpt":{"rendered":"<p>ALG Defense El Jefe : AR-15 de haute qualit\u00e9 en 5,56 mm avec des caract\u00e9ristiques haut de gamme.<\/p>\n","protected":false},"featured_media":68330,"template":"","meta":{"_acf_changed":false},"product_brand":[11381],"product_cat":[12190,12193],"product_tag":[],"class_list":{"0":"post-68329","1":"product","2":"type-product","3":"status-publish","4":"has-post-thumbnail","6":"product_brand-geissele","7":"product_cat-carabines","8":"product_cat-fusil","10":"first","11":"instock","12":"taxable","13":"shipping-taxable","14":"product-type-simple"},"acf":[],"_links":{"self":[{"href":"https:\/\/staging.nbg.eu\/fr\/wp-json\/wp\/v2\/product\/68329","targetHints":{"allow":["GET"]}}],"collection":[{"href":"https:\/\/staging.nbg.eu\/fr\/wp-json\/wp\/v2\/product"}],"about":[{"href":"https:\/\/staging.nbg.eu\/fr\/wp-json\/wp\/v2\/types\/product"}],"wp:featuredmedia":[{"embeddable":true,"href":"https:\/\/staging.nbg.eu\/fr\/wp-json\/wp\/v2\/media\/68330"}],"wp:attachment":[{"href":"https:\/\/staging.nbg.eu\/fr\/wp-json\/wp\/v2\/media?parent=68329"}],"wp:term":[{"taxonomy":"product_brand","embeddable":true,"href":"https:\/\/staging.nbg.eu\/fr\/wp-json\/wp\/v2\/product_brand?post=68329"},{"taxonomy":"product_cat","embeddable":true,"href":"https:\/\/staging.nbg.eu\/fr\/wp-json\/wp\/v2\/product_cat?post=68329"},{"taxonomy":"product_tag","embeddable":true,"href":"https:\/\/staging.nbg.eu\/fr\/wp-json\/wp\/v2\/product_tag?post=68329"}],"curies":[{"name":"wp","href":"https:\/\/api.w.org\/{rel}","templated":true}]}}