{"id":68102,"date":"2024-01-30T18:09:06","date_gmt":"2024-09-20T12:20:05","guid":{"rendered":"https:\/\/staging.nbg.eu\/product\/surefire-m640dft-pro\/"},"modified":"2024-09-20T12:20:57","modified_gmt":"2024-09-20T12:20:57","slug":"surefire-m640dft-pro","status":"publish","type":"product","link":"https:\/\/staging.nbg.eu\/fr\/produit\/surefire-m640dft-pro\/","title":{"rendered":"SureFire M640DFT-PRO"},"content":{"rendered":"<div class=\"product-description\">\n<h2>SureFire M640DFT-PRO Turbo Scout Light Pro<\/h2>\n<p>Le M640DFT-PRO Turbo Scout Light Pro offre les caract\u00e9ristiques suivantes :<\/p>\n<ul>\n<li>Intensit\u00e9 lumineuse maximale de 100 000 candelas avec la batterie SF18650B incluse<\/li>\n<li>Faisceau turbo pour l&rsquo;identification de cibles \u00e0 longue distance<\/li>\n<li>Montage \u00e0 profil bas pour un positionnement optimal (compatible MIL-STD-1913 et M-LOK)<\/li>\n<li>Double alimentation : utilise une batterie rechargeable SF18650B ou deux piles lithium 123A<\/li>\n<li>Durabilit\u00e9 et options de commutation \u00e0 distance<\/li>\n<\/ul>\n<p>Fabriqu\u00e9 en aluminium a\u00e9rospatial l\u00e9ger et anodis\u00e9 dur selon les sp\u00e9cifications militaires, ce WeaponLight \u00e9tanche avec joint torique est con\u00e7u pour les applications \u00e0 longue port\u00e9e.<\/p>\n<\/div>\n","protected":false},"excerpt":{"rendered":"<p>Lampe tactique haute puissance avec un faisceau de 100 000 candelas pour une utilisation longue port\u00e9e.<\/p>\n","protected":false},"featured_media":68103,"template":"","meta":{"_acf_changed":false},"product_brand":[11866],"product_cat":[12193,12184,12144],"product_tag":[],"class_list":{"0":"post-68102","1":"product","2":"type-product","3":"status-publish","4":"has-post-thumbnail","6":"product_brand-surefire","7":"product_cat-fusil","8":"product_cat-lampes","9":"product_cat-lampes-carabine","11":"first","12":"instock","13":"taxable","14":"shipping-taxable","15":"purchasable","16":"product-type-variable","17":"wvs-archive-product-wrapper"},"acf":[],"_links":{"self":[{"href":"https:\/\/staging.nbg.eu\/fr\/wp-json\/wp\/v2\/product\/68102","targetHints":{"allow":["GET"]}}],"collection":[{"href":"https:\/\/staging.nbg.eu\/fr\/wp-json\/wp\/v2\/product"}],"about":[{"href":"https:\/\/staging.nbg.eu\/fr\/wp-json\/wp\/v2\/types\/product"}],"wp:featuredmedia":[{"embeddable":true,"href":"https:\/\/staging.nbg.eu\/fr\/wp-json\/wp\/v2\/media\/68103"}],"wp:attachment":[{"href":"https:\/\/staging.nbg.eu\/fr\/wp-json\/wp\/v2\/media?parent=68102"}],"wp:term":[{"taxonomy":"product_brand","embeddable":true,"href":"https:\/\/staging.nbg.eu\/fr\/wp-json\/wp\/v2\/product_brand?post=68102"},{"taxonomy":"product_cat","embeddable":true,"href":"https:\/\/staging.nbg.eu\/fr\/wp-json\/wp\/v2\/product_cat?post=68102"},{"taxonomy":"product_tag","embeddable":true,"href":"https:\/\/staging.nbg.eu\/fr\/wp-json\/wp\/v2\/product_tag?post=68102"}],"curies":[{"name":"wp","href":"https:\/\/api.w.org\/{rel}","templated":true}]}}