{"id":67822,"date":"2024-01-13T10:41:33","date_gmt":"2024-09-20T12:17:37","guid":{"rendered":"https:\/\/staging.nbg.eu\/product\/surefire-m340dft-pro\/"},"modified":"2024-09-20T12:18:28","modified_gmt":"2024-09-20T12:18:28","slug":"surefire-m340dft-pro","status":"publish","type":"product","link":"https:\/\/staging.nbg.eu\/fr\/produit\/surefire-m340dft-pro\/","title":{"rendered":"SureFire M340DFT-PRO"},"content":{"rendered":"<div class=\"product-description\">\n<h2>SureFire M340DFT-PRO Turbo Mini Scout Light Pro<\/h2>\n<p>Le M340DFT-PRO offre :<\/p>\n<ul>\n<li>Intensit\u00e9 lumineuse de 95 000 candelas avec la batterie SF18350 incluse<\/li>\n<li>Faisceau turbo pour l&rsquo;identification de cibles \u00e0 longue distance<\/li>\n<li>Support \u00e0 profil bas pour un positionnement optimal<\/li>\n<li>Compatible avec batterie rechargeable SF18350 ou pile au lithium 123A<\/li>\n<li>Durabilit\u00e9 et options de commutation \u00e0 distance<\/li>\n<\/ul>\n<p>Le r\u00e9flecteur de pr\u00e9cision du M340DFT-PRO produit un faisceau concentr\u00e9, adapt\u00e9 aux applications longue distance. Fabriqu\u00e9 en aluminium a\u00e9ronautique avec anodisation dure selon les normes militaires, ce dispositif d&rsquo;\u00e9clairage pour arme est con\u00e7u pour r\u00e9sister aux conditions difficiles.<\/p>\n<\/div>\n","protected":false},"excerpt":{"rendered":"<p>Lampe tactique compacte et puissante avec une intensit\u00e9 lumineuse maximale de 95 000 candelas.<\/p>\n","protected":false},"featured_media":67823,"template":"","meta":{"_acf_changed":false},"product_brand":[11866],"product_cat":[12193,12184,12144],"product_tag":[],"class_list":{"0":"post-67822","1":"product","2":"type-product","3":"status-publish","4":"has-post-thumbnail","6":"product_brand-surefire","7":"product_cat-fusil","8":"product_cat-lampes","9":"product_cat-lampes-carabine","11":"first","12":"instock","13":"taxable","14":"shipping-taxable","15":"purchasable","16":"product-type-variable","17":"wvs-archive-product-wrapper"},"acf":[],"_links":{"self":[{"href":"https:\/\/staging.nbg.eu\/fr\/wp-json\/wp\/v2\/product\/67822","targetHints":{"allow":["GET"]}}],"collection":[{"href":"https:\/\/staging.nbg.eu\/fr\/wp-json\/wp\/v2\/product"}],"about":[{"href":"https:\/\/staging.nbg.eu\/fr\/wp-json\/wp\/v2\/types\/product"}],"wp:featuredmedia":[{"embeddable":true,"href":"https:\/\/staging.nbg.eu\/fr\/wp-json\/wp\/v2\/media\/67823"}],"wp:attachment":[{"href":"https:\/\/staging.nbg.eu\/fr\/wp-json\/wp\/v2\/media?parent=67822"}],"wp:term":[{"taxonomy":"product_brand","embeddable":true,"href":"https:\/\/staging.nbg.eu\/fr\/wp-json\/wp\/v2\/product_brand?post=67822"},{"taxonomy":"product_cat","embeddable":true,"href":"https:\/\/staging.nbg.eu\/fr\/wp-json\/wp\/v2\/product_cat?post=67822"},{"taxonomy":"product_tag","embeddable":true,"href":"https:\/\/staging.nbg.eu\/fr\/wp-json\/wp\/v2\/product_tag?post=67822"}],"curies":[{"name":"wp","href":"https:\/\/api.w.org\/{rel}","templated":true}]}}