{"id":67580,"date":"2024-01-13T11:48:33","date_gmt":"2024-01-13T11:48:33","guid":{"rendered":"https:\/\/staging.nbg.eu\/product\/surefire-m340v-pro\/"},"modified":"2024-09-20T12:16:00","modified_gmt":"2024-09-20T12:16:00","slug":"surefire-m340v-pro","status":"publish","type":"product","link":"https:\/\/staging.nbg.eu\/fr\/produit\/surefire-m340v-pro\/","title":{"rendered":"SureFire M340V-PRO"},"content":{"rendered":"<div class=\"product-description\">\n<h2>Mini Scout Light Pro Infrarouge<\/h2>\n<p>Lampe \u00e0 cellule unique Scout Light Pro. Cet outil d&rsquo;\u00e9clairage offre :<\/p>\n<ul>\n<li>250 lumens de lumi\u00e8re blanche et 100 mW de sortie infrarouge<\/li>\n<li>Faisceau hybride pour identification et conscience situationnelle \u00e0 moyenne et longue port\u00e9e<\/li>\n<li>Nouveau montage \u00e0 profil bas pour positionnement et compatibilit\u00e9 avec accessoires<\/li>\n<li>Commutation facile entre lumi\u00e8re blanche, d\u00e9sactivation et infrarouge<\/li>\n<li>Construction en aluminium a\u00e9ronautique avec anodisation dure selon sp\u00e9cifications militaires<\/li>\n<li>Aliment\u00e9 par une seule pile au lithium 123A<\/li>\n<li>Compatible avec les rails MIL-STD-1913 et M-LOK<\/li>\n<\/ul>\n<p>Con\u00e7u pour r\u00e9sister aux conditions difficiles, cet appareil compact offre un avantage dans les sc\u00e9narios de faible luminosit\u00e9.<\/p>\n<\/div>\n","protected":false},"excerpt":{"rendered":"<p>Lampe tactique compacte avec une sortie blanche de 250 lumens et infrarouge de 100 mW.<\/p>\n","protected":false},"featured_media":67581,"template":"","meta":{"_acf_changed":false},"product_brand":[11866],"product_cat":[12193,12184,12144],"product_tag":[],"class_list":{"0":"post-67580","1":"product","2":"type-product","3":"status-publish","4":"has-post-thumbnail","6":"product_brand-surefire","7":"product_cat-fusil","8":"product_cat-lampes","9":"product_cat-lampes-carabine","11":"first","12":"instock","13":"taxable","14":"shipping-taxable","15":"purchasable","16":"product-type-simple"},"acf":[],"_links":{"self":[{"href":"https:\/\/staging.nbg.eu\/fr\/wp-json\/wp\/v2\/product\/67580","targetHints":{"allow":["GET"]}}],"collection":[{"href":"https:\/\/staging.nbg.eu\/fr\/wp-json\/wp\/v2\/product"}],"about":[{"href":"https:\/\/staging.nbg.eu\/fr\/wp-json\/wp\/v2\/types\/product"}],"wp:featuredmedia":[{"embeddable":true,"href":"https:\/\/staging.nbg.eu\/fr\/wp-json\/wp\/v2\/media\/67581"}],"wp:attachment":[{"href":"https:\/\/staging.nbg.eu\/fr\/wp-json\/wp\/v2\/media?parent=67580"}],"wp:term":[{"taxonomy":"product_brand","embeddable":true,"href":"https:\/\/staging.nbg.eu\/fr\/wp-json\/wp\/v2\/product_brand?post=67580"},{"taxonomy":"product_cat","embeddable":true,"href":"https:\/\/staging.nbg.eu\/fr\/wp-json\/wp\/v2\/product_cat?post=67580"},{"taxonomy":"product_tag","embeddable":true,"href":"https:\/\/staging.nbg.eu\/fr\/wp-json\/wp\/v2\/product_tag?post=67580"}],"curies":[{"name":"wp","href":"https:\/\/api.w.org\/{rel}","templated":true}]}}