{"id":67454,"date":"2024-01-13T12:03:58","date_gmt":"2024-09-20T12:07:47","guid":{"rendered":"https:\/\/staging.nbg.eu\/product\/surefire-ds00\/"},"modified":"2024-09-20T12:08:37","modified_gmt":"2024-09-20T12:08:37","slug":"surefire-ds00","status":"publish","type":"product","link":"https:\/\/staging.nbg.eu\/fr\/produit\/surefire-ds00\/","title":{"rendered":"SureFire DS00"},"content":{"rendered":"<p>\nLe SureFire DS00 est un assemblage d&rsquo;interrupteur \u00e9tanche pour la plupart des lampes Scout Light\u00ae. Caract\u00e9ristiques :<\/p>\n<ul>\n<li>Fonctionnement ind\u00e9pendant de l&rsquo;interrupteur int\u00e9gr\u00e9 et \u00e0 distance<\/li>\n<li>Compatibilit\u00e9 avec divers interrupteurs \u00e0 ruban SureFire<\/li>\n<li>Interrupteur \u00e0 bouton-poussoir marche\/arr\u00eat<\/li>\n<li>Fonction de d\u00e9sactivation du syst\u00e8me<\/li>\n<li>Redondance des interrupteurs pour la fiabilit\u00e9<\/li>\n<\/ul>\n<p>Am\u00e9liorez la fonctionnalit\u00e9 de votre lampe avec le DS00 (Non compatible avec le Micro Scout Light Pro).<\/p>\n","protected":false},"excerpt":{"rendered":"<p>Interrupteur polyvalent pour les lampes tactiques SureFire avec deux modes de fonctionnement.<\/p>\n","protected":false},"featured_media":67455,"template":"","meta":{"_acf_changed":false},"product_brand":[11866],"product_cat":[12208,12193,12184],"product_tag":[],"class_list":{"0":"post-67454","1":"product","2":"type-product","3":"status-publish","4":"has-post-thumbnail","6":"product_brand-surefire","7":"product_cat-accessoires-de-lampe","8":"product_cat-fusil","9":"product_cat-lampes","11":"first","12":"instock","13":"taxable","14":"shipping-taxable","15":"purchasable","16":"product-type-variable","17":"wvs-archive-product-wrapper"},"acf":[],"_links":{"self":[{"href":"https:\/\/staging.nbg.eu\/fr\/wp-json\/wp\/v2\/product\/67454","targetHints":{"allow":["GET"]}}],"collection":[{"href":"https:\/\/staging.nbg.eu\/fr\/wp-json\/wp\/v2\/product"}],"about":[{"href":"https:\/\/staging.nbg.eu\/fr\/wp-json\/wp\/v2\/types\/product"}],"wp:featuredmedia":[{"embeddable":true,"href":"https:\/\/staging.nbg.eu\/fr\/wp-json\/wp\/v2\/media\/67455"}],"wp:attachment":[{"href":"https:\/\/staging.nbg.eu\/fr\/wp-json\/wp\/v2\/media?parent=67454"}],"wp:term":[{"taxonomy":"product_brand","embeddable":true,"href":"https:\/\/staging.nbg.eu\/fr\/wp-json\/wp\/v2\/product_brand?post=67454"},{"taxonomy":"product_cat","embeddable":true,"href":"https:\/\/staging.nbg.eu\/fr\/wp-json\/wp\/v2\/product_cat?post=67454"},{"taxonomy":"product_tag","embeddable":true,"href":"https:\/\/staging.nbg.eu\/fr\/wp-json\/wp\/v2\/product_tag?post=67454"}],"curies":[{"name":"wp","href":"https:\/\/api.w.org\/{rel}","templated":true}]}}