{"id":67368,"date":"2024-01-13T12:20:15","date_gmt":"2024-09-20T12:06:26","guid":{"rendered":"https:\/\/staging.nbg.eu\/product\/surefire-ue-sr07-scout-light-remote-switch\/"},"modified":"2024-09-20T12:07:17","modified_gmt":"2024-09-20T12:07:17","slug":"surefire-ue-sr07-interrupteur-deporte-scout-light","status":"publish","type":"product","link":"https:\/\/staging.nbg.eu\/fr\/produit\/surefire-ue-sr07-interrupteur-deporte-scout-light\/","title":{"rendered":"SureFire UE-SR07 (Interrupteur D\u00e9port\u00e9 Scout Light)"},"content":{"rendered":"<p>\nL&rsquo;interrupteur \u00e0 distance SureFire UE-SR07 SCOUT LIGHT offre :<\/p>\n<ul>\n<li>Interrupteur \u00e0 distance SR07 enfichable avec bouton momentan\u00e9 et interrupteur marche\/arr\u00eat<\/li>\n<li>Bo\u00eetier compatible MIL-STD-1913<\/li>\n<li>Le bouton-poussoir s&rsquo;enclenche sur les rails Picatinny<\/li>\n<li>Fonction de d\u00e9sactivation du syst\u00e8me<\/li>\n<li>Contr\u00f4le complet de l&rsquo;interrupteur avec le capuchon arri\u00e8re UE<\/li>\n<\/ul>\n","protected":false},"excerpt":{"rendered":"<p>Interrupteur \u00e0 distance pour la lampe SureFire Scout : Contr\u00f4le momentan\u00e9 et constant.<\/p>\n","protected":false},"featured_media":67369,"template":"","meta":{"_acf_changed":false},"product_brand":[11866],"product_cat":[],"product_tag":[],"class_list":{"0":"post-67368","1":"product","2":"type-product","3":"status-publish","4":"has-post-thumbnail","6":"product_brand-surefire","8":"first","9":"outofstock","10":"taxable","11":"shipping-taxable","12":"product-type-variable","13":"wvs-archive-product-wrapper"},"acf":[],"_links":{"self":[{"href":"https:\/\/staging.nbg.eu\/fr\/wp-json\/wp\/v2\/product\/67368","targetHints":{"allow":["GET"]}}],"collection":[{"href":"https:\/\/staging.nbg.eu\/fr\/wp-json\/wp\/v2\/product"}],"about":[{"href":"https:\/\/staging.nbg.eu\/fr\/wp-json\/wp\/v2\/types\/product"}],"wp:featuredmedia":[{"embeddable":true,"href":"https:\/\/staging.nbg.eu\/fr\/wp-json\/wp\/v2\/media\/67369"}],"wp:attachment":[{"href":"https:\/\/staging.nbg.eu\/fr\/wp-json\/wp\/v2\/media?parent=67368"}],"wp:term":[{"taxonomy":"product_brand","embeddable":true,"href":"https:\/\/staging.nbg.eu\/fr\/wp-json\/wp\/v2\/product_brand?post=67368"},{"taxonomy":"product_cat","embeddable":true,"href":"https:\/\/staging.nbg.eu\/fr\/wp-json\/wp\/v2\/product_cat?post=67368"},{"taxonomy":"product_tag","embeddable":true,"href":"https:\/\/staging.nbg.eu\/fr\/wp-json\/wp\/v2\/product_tag?post=67368"}],"curies":[{"name":"wp","href":"https:\/\/api.w.org\/{rel}","templated":true}]}}