{"id":67312,"date":"2024-01-13T12:52:23","date_gmt":"2024-09-20T12:05:08","guid":{"rendered":"https:\/\/staging.nbg.eu\/product\/surefire-sr07-weaponlight-switch\/"},"modified":"2024-09-20T12:05:56","modified_gmt":"2024-09-20T12:05:56","slug":"surefire-sr07-interrupteur-pour-lampe-darme","status":"publish","type":"product","link":"https:\/\/staging.nbg.eu\/fr\/produit\/surefire-sr07-interrupteur-pour-lampe-darme\/","title":{"rendered":"SureFire SR07 (Interrupteur pour Lampe d&rsquo;Arme)"},"content":{"rendered":"<p>\nLe SR07 de SureFire permet l&rsquo;activation \u00e0 distance des lampes pour armes SureFire. Caract\u00e9ristiques :<\/p>\n<ul>\n<li>Bouton-poussoir momentan\u00e9<\/li>\n<li>Interrupteur \u00e0 bouton-poussoir pour activation constante<\/li>\n<li>C\u00e2ble de 17,8 cm<\/li>\n<li>Fixation \u00e0 clip pour rail Picatinny<\/li>\n<\/ul>\n<p>Ajoutez un contr\u00f4le \u00e0 double interrupteur \u00e0 votre arme \u00e0 feu.<\/p>\n","protected":false},"excerpt":{"rendered":"<p>Double interrupteur \u00e0 distance pour les lampes tactiques SureFire. Montable sur rail.<\/p>\n","protected":false},"featured_media":67313,"template":"","meta":{"_acf_changed":false},"product_brand":[11866],"product_cat":[12208,12193,12184],"product_tag":[],"class_list":{"0":"post-67312","1":"product","2":"type-product","3":"status-publish","4":"has-post-thumbnail","6":"product_brand-surefire","7":"product_cat-accessoires-de-lampe","8":"product_cat-fusil","9":"product_cat-lampes","11":"first","12":"instock","13":"taxable","14":"shipping-taxable","15":"purchasable","16":"product-type-simple"},"acf":[],"_links":{"self":[{"href":"https:\/\/staging.nbg.eu\/fr\/wp-json\/wp\/v2\/product\/67312","targetHints":{"allow":["GET"]}}],"collection":[{"href":"https:\/\/staging.nbg.eu\/fr\/wp-json\/wp\/v2\/product"}],"about":[{"href":"https:\/\/staging.nbg.eu\/fr\/wp-json\/wp\/v2\/types\/product"}],"wp:featuredmedia":[{"embeddable":true,"href":"https:\/\/staging.nbg.eu\/fr\/wp-json\/wp\/v2\/media\/67313"}],"wp:attachment":[{"href":"https:\/\/staging.nbg.eu\/fr\/wp-json\/wp\/v2\/media?parent=67312"}],"wp:term":[{"taxonomy":"product_brand","embeddable":true,"href":"https:\/\/staging.nbg.eu\/fr\/wp-json\/wp\/v2\/product_brand?post=67312"},{"taxonomy":"product_cat","embeddable":true,"href":"https:\/\/staging.nbg.eu\/fr\/wp-json\/wp\/v2\/product_cat?post=67312"},{"taxonomy":"product_tag","embeddable":true,"href":"https:\/\/staging.nbg.eu\/fr\/wp-json\/wp\/v2\/product_tag?post=67312"}],"curies":[{"name":"wp","href":"https:\/\/api.w.org\/{rel}","templated":true}]}}