{"id":67270,"date":"2024-01-13T13:21:56","date_gmt":"2024-09-20T12:03:56","guid":{"rendered":"https:\/\/staging.nbg.eu\/product\/surefire-switch-st07\/"},"modified":"2024-09-20T12:04:42","modified_gmt":"2024-09-20T12:04:42","slug":"surefire-interrupteur-st07","status":"publish","type":"product","link":"https:\/\/staging.nbg.eu\/fr\/produit\/surefire-interrupteur-st07\/","title":{"rendered":"SureFire Interrupteur ST07"},"content":{"rendered":"<p>\nLe SureFire Switch ST07 permet l&rsquo;activation \u00e0 distance des WeaponLights compatibles. Caract\u00e9ristiques :<\/p>\n<ul>\n<li>C\u00e2ble de 18 cm pour utilisation sur fusil\/carabine<\/li>\n<li>Connecteur \u00e9tanche avec joint torique<\/li>\n<li>Fixation Velcro\u00ae pour un positionnement flexible<\/li>\n<\/ul>\n<p>Ce commutateur \u00e0 distance am\u00e9liore le contr\u00f4le de votre \u00e9quipement.<\/p>\n","protected":false},"excerpt":{"rendered":"<p>Interrupteur \u00e0 distance pour les lampes d&rsquo;armes SureFire. C\u00e2ble de 18 cm, \u00e9tanche aux intemp\u00e9ries.<\/p>\n","protected":false},"featured_media":67271,"template":"","meta":{"_acf_changed":false},"product_brand":[11866],"product_cat":[12208,12193,12184],"product_tag":[],"class_list":{"0":"post-67270","1":"product","2":"type-product","3":"status-publish","4":"has-post-thumbnail","6":"product_brand-surefire","7":"product_cat-accessoires-de-lampe","8":"product_cat-fusil","9":"product_cat-lampes","11":"first","12":"instock","13":"taxable","14":"shipping-taxable","15":"purchasable","16":"product-type-simple"},"acf":[],"_links":{"self":[{"href":"https:\/\/staging.nbg.eu\/fr\/wp-json\/wp\/v2\/product\/67270","targetHints":{"allow":["GET"]}}],"collection":[{"href":"https:\/\/staging.nbg.eu\/fr\/wp-json\/wp\/v2\/product"}],"about":[{"href":"https:\/\/staging.nbg.eu\/fr\/wp-json\/wp\/v2\/types\/product"}],"wp:featuredmedia":[{"embeddable":true,"href":"https:\/\/staging.nbg.eu\/fr\/wp-json\/wp\/v2\/media\/67271"}],"wp:attachment":[{"href":"https:\/\/staging.nbg.eu\/fr\/wp-json\/wp\/v2\/media?parent=67270"}],"wp:term":[{"taxonomy":"product_brand","embeddable":true,"href":"https:\/\/staging.nbg.eu\/fr\/wp-json\/wp\/v2\/product_brand?post=67270"},{"taxonomy":"product_cat","embeddable":true,"href":"https:\/\/staging.nbg.eu\/fr\/wp-json\/wp\/v2\/product_cat?post=67270"},{"taxonomy":"product_tag","embeddable":true,"href":"https:\/\/staging.nbg.eu\/fr\/wp-json\/wp\/v2\/product_tag?post=67270"}],"curies":[{"name":"wp","href":"https:\/\/api.w.org\/{rel}","templated":true}]}}