{"id":67058,"date":"2024-01-13T13:29:38","date_gmt":"2024-09-20T11:59:44","guid":{"rendered":"https:\/\/staging.nbg.eu\/product\/surefire-x300u-a\/"},"modified":"2025-02-19T14:50:33","modified_gmt":"2025-02-19T14:50:33","slug":"surefire-x300u-a","status":"publish","type":"product","link":"https:\/\/staging.nbg.eu\/fr\/produit\/surefire-x300u-a\/","title":{"rendered":"SureFire X300U-A"},"content":{"rendered":"<div class=\"product-description\">\n<h2>SureFire X300U-A Lampe Tactique pour Arme<\/h2>\n<p>Le SureFire X300U-A est une lampe tactique con\u00e7ue pour les professionnels. Ce mod\u00e8le produit 1 000 lumens de sortie LED, concentr\u00e9s par une lentille TIR de pr\u00e9cision.<\/p>\n<ul>\n<li>Syst\u00e8me de fixation \u00e0 levier pour une installation\/retrait rapide<\/li>\n<li>Interrupteur ambidextre pour une activation imm\u00e9diate<\/li>\n<li>Corps en aluminium avec finition anodis\u00e9e dure selon les normes militaires<\/li>\n<li>Classement d&rsquo;\u00e9tanch\u00e9it\u00e9 IPX7 (1 m\u00e8tre pendant 30 minutes)<\/li>\n<li>1,25 heures d&rsquo;autonomie avec deux piles au lithium 123A incluses<\/li>\n<li>Design compact : 9,55 cm de long, pesant seulement 113 g<\/li>\n<\/ul>\n<p>\u00c9clairez \u00e0 des distances importantes tout en maintenant la conscience situationnelle avec le SureFire X300U-A.<\/p>\n<\/div>\n","protected":false},"excerpt":{"rendered":"<p>SureFire X300U-A : Lampe tactique de 1000 lumens pour armes de poing et fusils.<\/p>\n","protected":false},"featured_media":67059,"template":"","meta":{"_acf_changed":false},"product_brand":[11866],"product_cat":[12184,12177,12150],"product_tag":[],"class_list":{"0":"post-67058","1":"product","2":"type-product","3":"status-publish","4":"has-post-thumbnail","6":"product_brand-surefire","7":"product_cat-lampes","8":"product_cat-lampes-de-pistolet","9":"product_cat-pistolet","11":"first","12":"instock","13":"taxable","14":"shipping-taxable","15":"purchasable","16":"product-type-variable","17":"wvs-archive-product-wrapper"},"acf":[],"_links":{"self":[{"href":"https:\/\/staging.nbg.eu\/fr\/wp-json\/wp\/v2\/product\/67058","targetHints":{"allow":["GET"]}}],"collection":[{"href":"https:\/\/staging.nbg.eu\/fr\/wp-json\/wp\/v2\/product"}],"about":[{"href":"https:\/\/staging.nbg.eu\/fr\/wp-json\/wp\/v2\/types\/product"}],"wp:featuredmedia":[{"embeddable":true,"href":"https:\/\/staging.nbg.eu\/fr\/wp-json\/wp\/v2\/media\/67059"}],"wp:attachment":[{"href":"https:\/\/staging.nbg.eu\/fr\/wp-json\/wp\/v2\/media?parent=67058"}],"wp:term":[{"taxonomy":"product_brand","embeddable":true,"href":"https:\/\/staging.nbg.eu\/fr\/wp-json\/wp\/v2\/product_brand?post=67058"},{"taxonomy":"product_cat","embeddable":true,"href":"https:\/\/staging.nbg.eu\/fr\/wp-json\/wp\/v2\/product_cat?post=67058"},{"taxonomy":"product_tag","embeddable":true,"href":"https:\/\/staging.nbg.eu\/fr\/wp-json\/wp\/v2\/product_tag?post=67058"}],"curies":[{"name":"wp","href":"https:\/\/api.w.org\/{rel}","templated":true}]}}