{"id":66554,"date":"2024-01-30T18:10:41","date_gmt":"2024-09-20T11:53:36","guid":{"rendered":"https:\/\/staging.nbg.eu\/product\/surefire-x300t-a\/"},"modified":"2024-09-20T11:54:27","modified_gmt":"2024-09-20T11:54:27","slug":"surefire-x300t-a","status":"publish","type":"product","link":"https:\/\/staging.nbg.eu\/fr\/produit\/surefire-x300t-a\/","title":{"rendered":"SureFire X300T-A"},"content":{"rendered":"<div class=\"product-description\">\n<h2>SureFire X300T-A Lampe Tactique pour Arme<\/h2>\n<p>Le SureFire X300T-A est une lampe tactique con\u00e7ue pour les professionnels. Avec une intensit\u00e9 de faisceau maximale de 66 000 candelas et une puissance de 650 lumens, cette lampe offre :<\/p>\n<ul>\n<li>Un faisceau en mode turbo pour l&rsquo;identification de cibles \u00e0 longues distances<\/li>\n<li>Un syst\u00e8me d&rsquo;attache \u00e0 levier pour un montage rapide sur rails Universal et Picatinny<\/li>\n<li>Un interrupteur ambidextre pour une activation rapide<\/li>\n<li>Une compatibilit\u00e9 avec les \u00e9tuis X300U-A existants<\/li>\n<li>Un corps en aluminium a\u00e9ronautique avec finition anodis\u00e9e dure selon les normes militaires<\/li>\n<li>Un indice d&rsquo;\u00e9tanch\u00e9it\u00e9 IPX7 (1 m\u00e8tre pendant 30 minutes)<\/li>\n<li>1,5 heures d&rsquo;autonomie avec deux piles au lithium 123A incluses<\/li>\n<\/ul>\n<p>Le X300T-A peut \u00e9clairer jusqu&rsquo;\u00e0 514 m\u00e8tres de distance.<\/p>\n<\/div>\n","protected":false},"excerpt":{"rendered":"<p>SureFire X300T-A : lampe tactique de 66 000 candelas pour l&rsquo;identification de cibles \u00e0 longue distance.<\/p>\n","protected":false},"featured_media":66555,"template":"","meta":{"_acf_changed":false},"product_brand":[11866],"product_cat":[12184,12177,12150],"product_tag":[],"class_list":{"0":"post-66554","1":"product","2":"type-product","3":"status-publish","4":"has-post-thumbnail","6":"product_brand-surefire","7":"product_cat-lampes","8":"product_cat-lampes-de-pistolet","9":"product_cat-pistolet","11":"first","12":"instock","13":"taxable","14":"shipping-taxable","15":"purchasable","16":"product-type-variable","17":"wvs-archive-product-wrapper"},"acf":[],"_links":{"self":[{"href":"https:\/\/staging.nbg.eu\/fr\/wp-json\/wp\/v2\/product\/66554","targetHints":{"allow":["GET"]}}],"collection":[{"href":"https:\/\/staging.nbg.eu\/fr\/wp-json\/wp\/v2\/product"}],"about":[{"href":"https:\/\/staging.nbg.eu\/fr\/wp-json\/wp\/v2\/types\/product"}],"wp:featuredmedia":[{"embeddable":true,"href":"https:\/\/staging.nbg.eu\/fr\/wp-json\/wp\/v2\/media\/66555"}],"wp:attachment":[{"href":"https:\/\/staging.nbg.eu\/fr\/wp-json\/wp\/v2\/media?parent=66554"}],"wp:term":[{"taxonomy":"product_brand","embeddable":true,"href":"https:\/\/staging.nbg.eu\/fr\/wp-json\/wp\/v2\/product_brand?post=66554"},{"taxonomy":"product_cat","embeddable":true,"href":"https:\/\/staging.nbg.eu\/fr\/wp-json\/wp\/v2\/product_cat?post=66554"},{"taxonomy":"product_tag","embeddable":true,"href":"https:\/\/staging.nbg.eu\/fr\/wp-json\/wp\/v2\/product_tag?post=66554"}],"curies":[{"name":"wp","href":"https:\/\/api.w.org\/{rel}","templated":true}]}}