{"id":66350,"date":"2024-01-16T19:29:25","date_gmt":"2024-09-20T11:50:57","guid":{"rendered":"https:\/\/staging.nbg.eu\/product\/surefire-x300t-b-weaponlight\/"},"modified":"2024-09-20T11:51:48","modified_gmt":"2024-09-20T11:51:48","slug":"lampe-tactique-surefire-x300t-b","status":"publish","type":"product","link":"https:\/\/staging.nbg.eu\/fr\/produit\/lampe-tactique-surefire-x300t-b\/","title":{"rendered":"Lampe tactique SureFire X300T-B"},"content":{"rendered":"<div class=\"product-description\">\n<h2>LAMPE D&rsquo;ARME SUREFIRE X300T-B<\/h2>\n<p>La lampe d&rsquo;arme SureFire X300T-B, version Turbo de notre mod\u00e8le X300, offre :<\/p>\n<ul>\n<li>Intensit\u00e9 lumineuse maximale de 66 000 candelas<\/li>\n<li>650 lumens de lumi\u00e8re blanche concentr\u00e9e<\/li>\n<li>Faisceau Turbo pour l&rsquo;identification \u00e0 longue distance<\/li>\n<li>1,5 heures d&rsquo;autonomie avec deux piles lithium 123A incluses<\/li>\n<\/ul>\n<p>Caract\u00e9ristiques du X300T-B :<\/p>\n<ul>\n<li>Fixation \u00e0 vis pour rails Universal et Picatinny<\/li>\n<li>Interrupteur ambidextre pour activation rapide<\/li>\n<li>Compatible avec les \u00e9tuis X300U-B existants<\/li>\n<li>Corps en aluminium a\u00e9ronautique avec finition anodis\u00e9e<\/li>\n<li>Indice d&rsquo;\u00e9tanch\u00e9it\u00e9 IPX7 (submersible \u00e0 1 m\u00e8tre pendant 30 minutes)<\/li>\n<\/ul>\n<p>Sp\u00e9cifications principales :<\/p>\n<ul>\n<li>Longueur : 9,55 cm<\/li>\n<li>Poids avec piles : 124,7 g<\/li>\n<li>Diam\u00e8tre de la t\u00eate : 2,9 cm<\/li>\n<li>Port\u00e9e effective : 514 m\u00e8tres<\/li>\n<\/ul>\n<p>La lampe d&rsquo;arme SureFire X300T-B est con\u00e7ue pour offrir des performances et une fiabilit\u00e9 dans des situations critiques.<\/p>\n<\/div>\n","protected":false},"excerpt":{"rendered":"<p>Lampe tactique puissante de 650 lumens avec un faisceau de 66 000 candelas pour une identification \u00e0 tr\u00e8s longue distance.<\/p>\n","protected":false},"featured_media":83168,"template":"","meta":{"_acf_changed":false},"product_brand":[11866],"product_cat":[12184,12177,12150],"product_tag":[],"class_list":{"0":"post-66350","1":"product","2":"type-product","3":"status-publish","4":"has-post-thumbnail","6":"product_brand-surefire","7":"product_cat-lampes","8":"product_cat-lampes-de-pistolet","9":"product_cat-pistolet","11":"first","12":"instock","13":"taxable","14":"shipping-taxable","15":"purchasable","16":"product-type-variable","17":"wvs-archive-product-wrapper"},"acf":[],"_links":{"self":[{"href":"https:\/\/staging.nbg.eu\/fr\/wp-json\/wp\/v2\/product\/66350","targetHints":{"allow":["GET"]}}],"collection":[{"href":"https:\/\/staging.nbg.eu\/fr\/wp-json\/wp\/v2\/product"}],"about":[{"href":"https:\/\/staging.nbg.eu\/fr\/wp-json\/wp\/v2\/types\/product"}],"wp:featuredmedia":[{"embeddable":true,"href":"https:\/\/staging.nbg.eu\/fr\/wp-json\/wp\/v2\/media\/83168"}],"wp:attachment":[{"href":"https:\/\/staging.nbg.eu\/fr\/wp-json\/wp\/v2\/media?parent=66350"}],"wp:term":[{"taxonomy":"product_brand","embeddable":true,"href":"https:\/\/staging.nbg.eu\/fr\/wp-json\/wp\/v2\/product_brand?post=66350"},{"taxonomy":"product_cat","embeddable":true,"href":"https:\/\/staging.nbg.eu\/fr\/wp-json\/wp\/v2\/product_cat?post=66350"},{"taxonomy":"product_tag","embeddable":true,"href":"https:\/\/staging.nbg.eu\/fr\/wp-json\/wp\/v2\/product_tag?post=66350"}],"curies":[{"name":"wp","href":"https:\/\/api.w.org\/{rel}","templated":true}]}}