{"id":66136,"date":"2024-01-19T18:29:10","date_gmt":"2024-09-20T11:44:49","guid":{"rendered":"https:\/\/staging.nbg.eu\/product\/surefire-sf18650-b\/"},"modified":"2024-09-20T11:45:35","modified_gmt":"2024-09-20T11:45:35","slug":"surefire-sf18650-b","status":"publish","type":"product","link":"https:\/\/staging.nbg.eu\/fr\/produit\/surefire-sf18650-b\/","title":{"rendered":"SureFire SF18650-B"},"content":{"rendered":"<div class=\"product-description\">\n<h2>Batterie rechargeable SureFire SF18650-B<\/h2>\n<p>Batterie rechargeable SF18650 fournissant 3,6 volts et 3500 mAh pour une dur\u00e9e d&rsquo;utilisation prolong\u00e9e. Dispose d&rsquo;un chargement MICRO-USB pour une recharge \u00e0 partir de diverses sources. Compatible avec certains produits SureFire, notamment les s\u00e9ries FURY-DFT, EDC2-DFT et M600DF. Rechargeable via USB ou chargeur externe 18650 (non inclus). La SF18650-B peut \u00eatre recharg\u00e9e et r\u00e9utilis\u00e9e.<\/p>\n<\/div>\n","protected":false},"excerpt":{"rendered":"<p>Batterie rechargeable haute capacit\u00e9 de 3500 mAh avec chargement par MICRO-USB.<\/p>\n","protected":false},"featured_media":66137,"template":"","meta":{"_acf_changed":false},"product_brand":[11866],"product_cat":[12132,12183,12184,12152],"product_tag":[],"class_list":{"0":"post-66136","1":"product","2":"type-product","3":"status-publish","4":"has-post-thumbnail","6":"product_brand-surefire","7":"product_cat-batteries","8":"product_cat-edc","9":"product_cat-lampes","10":"product_cat-lampes-edc","12":"first","13":"instock","14":"taxable","15":"shipping-taxable","16":"purchasable","17":"product-type-simple"},"acf":[],"_links":{"self":[{"href":"https:\/\/staging.nbg.eu\/fr\/wp-json\/wp\/v2\/product\/66136","targetHints":{"allow":["GET"]}}],"collection":[{"href":"https:\/\/staging.nbg.eu\/fr\/wp-json\/wp\/v2\/product"}],"about":[{"href":"https:\/\/staging.nbg.eu\/fr\/wp-json\/wp\/v2\/types\/product"}],"wp:featuredmedia":[{"embeddable":true,"href":"https:\/\/staging.nbg.eu\/fr\/wp-json\/wp\/v2\/media\/66137"}],"wp:attachment":[{"href":"https:\/\/staging.nbg.eu\/fr\/wp-json\/wp\/v2\/media?parent=66136"}],"wp:term":[{"taxonomy":"product_brand","embeddable":true,"href":"https:\/\/staging.nbg.eu\/fr\/wp-json\/wp\/v2\/product_brand?post=66136"},{"taxonomy":"product_cat","embeddable":true,"href":"https:\/\/staging.nbg.eu\/fr\/wp-json\/wp\/v2\/product_cat?post=66136"},{"taxonomy":"product_tag","embeddable":true,"href":"https:\/\/staging.nbg.eu\/fr\/wp-json\/wp\/v2\/product_tag?post=66136"}],"curies":[{"name":"wp","href":"https:\/\/api.w.org\/{rel}","templated":true}]}}