{"id":66049,"date":"2024-01-21T16:19:01","date_gmt":"2024-09-20T11:39:24","guid":{"rendered":"https:\/\/staging.nbg.eu\/product\/surefire-edc1-dft\/"},"modified":"2024-09-20T11:40:18","modified_gmt":"2024-09-20T11:40:18","slug":"surefire-edc1-dft","status":"publish","type":"product","link":"https:\/\/staging.nbg.eu\/fr\/produit\/surefire-edc1-dft\/","title":{"rendered":"SureFire EDC1-DFT"},"content":{"rendered":"<div class=\"product-description\">\n<h2>Lampe de poche SureFire EDC1-DFT Turbo<\/h2>\n<p>La SureFire EDC1-DFT Turbo est une lampe de poche compacte con\u00e7ue pour un usage quotidien. Cette lampe \u00e0 double alimentation offre :<\/p>\n<ul>\n<li>Intensit\u00e9 lumineuse maximale de 95 000 candelas (avec la batterie SF18350 incluse)<\/li>\n<li>Faisceau Turbo pour un \u00e9clairage concentr\u00e9 \u00e0 longue distance<\/li>\n<li>Technologie \u00e0 double alimentation : utilise une batterie rechargeable SF18350 ou une pile lithium 123A<\/li>\n<li>Corps en aluminium anodis\u00e9 dur de qualit\u00e9 militaire pour la durabilit\u00e9<\/li>\n<li>Indice d&rsquo;\u00e9tanch\u00e9it\u00e9 IPX7<\/li>\n<\/ul>\n<p>Caract\u00e9ristiques principales :<\/p>\n<ul>\n<li>Puissance \u00e9lev\u00e9e : 650 lumens (avec batterie 18350)<\/li>\n<li>Autonomie : 45 minutes en mode \u00e9lev\u00e9 (avec batterie 18350)<\/li>\n<li>Longueur : 12,1 cm<\/li>\n<li>Poids : 128,3 g avec batterie 18350<\/li>\n<li>Clip r\u00e9versible pour diverses options de transport<\/li>\n<\/ul>\n<p>Cette lampe de poche compacte offre une visibilit\u00e9 sup\u00e9rieure dans toutes les situations.<\/p>\n<\/div>\n","protected":false},"excerpt":{"rendered":"<p>Lampe de poche EDC compacte avec un faisceau de 95 000 candelas et deux options d&rsquo;alimentation.<\/p>\n","protected":false},"featured_media":66050,"template":"","meta":{"_acf_changed":false},"product_brand":[11866],"product_cat":[12183,12184,12152],"product_tag":[],"class_list":{"0":"post-66049","1":"product","2":"type-product","3":"status-publish","4":"has-post-thumbnail","6":"product_brand-surefire","7":"product_cat-edc","8":"product_cat-lampes","9":"product_cat-lampes-edc","11":"first","12":"instock","13":"taxable","14":"shipping-taxable","15":"purchasable","16":"product-type-variable","17":"wvs-archive-product-wrapper"},"acf":[],"_links":{"self":[{"href":"https:\/\/staging.nbg.eu\/fr\/wp-json\/wp\/v2\/product\/66049","targetHints":{"allow":["GET"]}}],"collection":[{"href":"https:\/\/staging.nbg.eu\/fr\/wp-json\/wp\/v2\/product"}],"about":[{"href":"https:\/\/staging.nbg.eu\/fr\/wp-json\/wp\/v2\/types\/product"}],"wp:featuredmedia":[{"embeddable":true,"href":"https:\/\/staging.nbg.eu\/fr\/wp-json\/wp\/v2\/media\/66050"}],"wp:attachment":[{"href":"https:\/\/staging.nbg.eu\/fr\/wp-json\/wp\/v2\/media?parent=66049"}],"wp:term":[{"taxonomy":"product_brand","embeddable":true,"href":"https:\/\/staging.nbg.eu\/fr\/wp-json\/wp\/v2\/product_brand?post=66049"},{"taxonomy":"product_cat","embeddable":true,"href":"https:\/\/staging.nbg.eu\/fr\/wp-json\/wp\/v2\/product_cat?post=66049"},{"taxonomy":"product_tag","embeddable":true,"href":"https:\/\/staging.nbg.eu\/fr\/wp-json\/wp\/v2\/product_tag?post=66049"}],"curies":[{"name":"wp","href":"https:\/\/api.w.org\/{rel}","templated":true}]}}