{"id":65576,"date":"2024-01-23T18:42:27","date_gmt":"2024-01-23T18:42:27","guid":{"rendered":"https:\/\/staging.nbg.eu\/product\/bore-cleaner-1-5-oz\/"},"modified":"2024-09-20T11:30:05","modified_gmt":"2024-09-20T11:30:05","slug":"nettoyant-de-canon-15-oz","status":"publish","type":"product","link":"https:\/\/staging.nbg.eu\/fr\/produit\/nettoyant-de-canon-15-oz\/","title":{"rendered":"Nettoyant de canon 1.5 oz"},"content":{"rendered":"<p>\nNettoyant pour canon Iosso : Une formule en p\u00e2te d&rsquo;origine biologique pour le nettoyage des armes \u00e0 feu. \u00c9limine le cuivre, le plomb, le carbone, les r\u00e9sidus et la rouille sans \u00e9claboussures ni dommages. Non corrosif, inodore et \u00e9cologique. \u00c0 utiliser avec les brosses Eliminator et la solution huileuse pour un nettoyage complet. Utilise une technologie \u00e0 base de plantes pour les armes \u00e0 feu.<\/p>\n","protected":false},"excerpt":{"rendered":"<p>Nettoyant en p\u00e2te \u00e9cologique pour armes \u00e0 feu. \u00c9limine rapidement les r\u00e9sidus et l&rsquo;encrassement.<\/p>\n","protected":false},"featured_media":101679,"template":"","meta":{"_acf_changed":false},"product_brand":[11481],"product_cat":[12174,12188],"product_tag":[],"class_list":{"0":"post-65576","1":"product","2":"type-product","3":"status-publish","4":"has-post-thumbnail","6":"product_brand-iosso","7":"product_cat-nettoyage-darmes","8":"product_cat-nettoyants","10":"first","11":"instock","12":"taxable","13":"shipping-taxable","14":"purchasable","15":"product-type-simple"},"acf":[],"_links":{"self":[{"href":"https:\/\/staging.nbg.eu\/fr\/wp-json\/wp\/v2\/product\/65576","targetHints":{"allow":["GET"]}}],"collection":[{"href":"https:\/\/staging.nbg.eu\/fr\/wp-json\/wp\/v2\/product"}],"about":[{"href":"https:\/\/staging.nbg.eu\/fr\/wp-json\/wp\/v2\/types\/product"}],"wp:featuredmedia":[{"embeddable":true,"href":"https:\/\/staging.nbg.eu\/fr\/wp-json\/wp\/v2\/media\/101679"}],"wp:attachment":[{"href":"https:\/\/staging.nbg.eu\/fr\/wp-json\/wp\/v2\/media?parent=65576"}],"wp:term":[{"taxonomy":"product_brand","embeddable":true,"href":"https:\/\/staging.nbg.eu\/fr\/wp-json\/wp\/v2\/product_brand?post=65576"},{"taxonomy":"product_cat","embeddable":true,"href":"https:\/\/staging.nbg.eu\/fr\/wp-json\/wp\/v2\/product_cat?post=65576"},{"taxonomy":"product_tag","embeddable":true,"href":"https:\/\/staging.nbg.eu\/fr\/wp-json\/wp\/v2\/product_tag?post=65576"}],"curies":[{"name":"wp","href":"https:\/\/api.w.org\/{rel}","templated":true}]}}