{"id":63517,"date":"2024-01-23T18:50:53","date_gmt":"2024-09-16T13:21:05","guid":{"rendered":"https:\/\/staging.nbg.eu\/product\/iosso-case-polish\/"},"modified":"2024-09-16T13:21:54","modified_gmt":"2024-09-16T13:21:54","slug":"polish-pour-douilles-iosso","status":"publish","type":"product","link":"https:\/\/staging.nbg.eu\/fr\/produit\/polish-pour-douilles-iosso\/","title":{"rendered":"Polish pour douilles Iosso"},"content":{"rendered":"<p>\nIosso Case Polish : Une solution pour les \u00e9tuis en laiton<\/p>\n<ul>\n<li>Nettoie et polit<\/li>\n<li>\u00c9limine les r\u00e9sidus et l&rsquo;oxydation<\/li>\n<li>R\u00e9duit le temps de polissage<\/li>\n<li>Prot\u00e8ge contre l&rsquo;oxydation future<\/li>\n<li>Nouvelle formule biologique<\/li>\n<li>S\u00fbr pour les utilisateurs et l&rsquo;environnement<\/li>\n<\/ul>\n<p>Restaure les \u00e9tuis en laiton. Convient aux \u00e9tuis sales ou pr\u00e9-nettoy\u00e9s.<\/p>\n","protected":false},"excerpt":{"rendered":"<p>Iosso Case Polish : Redonne un \u00e9clat brillant aux douilles en laiton.<\/p>\n","protected":false},"featured_media":102445,"template":"","meta":{"_acf_changed":false},"product_brand":[11481],"product_cat":[12187,12189],"product_tag":[],"class_list":{"0":"post-63517","1":"product","2":"type-product","3":"status-publish","4":"has-post-thumbnail","6":"product_brand-iosso","7":"product_cat-preparation-des-douilles","8":"product_cat-rechargement","10":"first","11":"instock","12":"taxable","13":"shipping-taxable","14":"purchasable","15":"product-type-variable","16":"wvs-archive-product-wrapper"},"acf":[],"_links":{"self":[{"href":"https:\/\/staging.nbg.eu\/fr\/wp-json\/wp\/v2\/product\/63517","targetHints":{"allow":["GET"]}}],"collection":[{"href":"https:\/\/staging.nbg.eu\/fr\/wp-json\/wp\/v2\/product"}],"about":[{"href":"https:\/\/staging.nbg.eu\/fr\/wp-json\/wp\/v2\/types\/product"}],"wp:featuredmedia":[{"embeddable":true,"href":"https:\/\/staging.nbg.eu\/fr\/wp-json\/wp\/v2\/media\/102445"}],"wp:attachment":[{"href":"https:\/\/staging.nbg.eu\/fr\/wp-json\/wp\/v2\/media?parent=63517"}],"wp:term":[{"taxonomy":"product_brand","embeddable":true,"href":"https:\/\/staging.nbg.eu\/fr\/wp-json\/wp\/v2\/product_brand?post=63517"},{"taxonomy":"product_cat","embeddable":true,"href":"https:\/\/staging.nbg.eu\/fr\/wp-json\/wp\/v2\/product_cat?post=63517"},{"taxonomy":"product_tag","embeddable":true,"href":"https:\/\/staging.nbg.eu\/fr\/wp-json\/wp\/v2\/product_tag?post=63517"}],"curies":[{"name":"wp","href":"https:\/\/api.w.org\/{rel}","templated":true}]}}