{"id":63346,"date":"2024-01-23T19:37:48","date_gmt":"2024-09-16T13:09:31","guid":{"rendered":"https:\/\/staging.nbg.eu\/product\/iosso-firearms-parts-cleaner-degreaser-37l\/"},"modified":"2024-09-16T13:10:20","modified_gmt":"2024-09-16T13:10:20","slug":"nettoyant-pour-pieces-darmes-a-feu-iosso-degraissant-37l","status":"publish","type":"product","link":"https:\/\/staging.nbg.eu\/fr\/produit\/nettoyant-pour-pieces-darmes-a-feu-iosso-degraissant-37l\/","title":{"rendered":"Nettoyant pour pi\u00e8ces d&rsquo;armes \u00e0 feu Iosso (d\u00e9graissant, 3,7L)"},"content":{"rendered":"<p>\nNettoyant pour pi\u00e8ces d&rsquo;armes \u00e0 feu Iosso : Un d\u00e9graissant \u00e9cologique pour armes \u00e0 feu. Ce nettoyant biod\u00e9gradable et d&rsquo;origine biologique \u00e9limine les r\u00e9sidus, le carbone, la graisse et les d\u00e9p\u00f4ts. Compatible avec les machines \u00e0 ultrasons, il a une faible teneur en COV et est fabriqu\u00e9 \u00e0 partir d&rsquo;extraits de plantes naturels. Peut \u00eatre appliqu\u00e9 par pulv\u00e9risation, trempage ou essuyage pour nettoyer les armes \u00e0 feu.<\/p>\n","protected":false},"excerpt":{"rendered":"<p>D\u00e9graissant puissant et \u00e9cologique pour un nettoyage en profondeur des pi\u00e8ces d&rsquo;armes \u00e0 feu.<\/p>\n","protected":false},"featured_media":102524,"template":"","meta":{"_acf_changed":false},"product_brand":[11481],"product_cat":[12174,12188],"product_tag":[],"class_list":{"0":"post-63346","1":"product","2":"type-product","3":"status-publish","4":"has-post-thumbnail","6":"product_brand-iosso","7":"product_cat-nettoyage-darmes","8":"product_cat-nettoyants","10":"first","11":"instock","12":"taxable","13":"shipping-taxable","14":"purchasable","15":"product-type-simple"},"acf":[],"_links":{"self":[{"href":"https:\/\/staging.nbg.eu\/fr\/wp-json\/wp\/v2\/product\/63346","targetHints":{"allow":["GET"]}}],"collection":[{"href":"https:\/\/staging.nbg.eu\/fr\/wp-json\/wp\/v2\/product"}],"about":[{"href":"https:\/\/staging.nbg.eu\/fr\/wp-json\/wp\/v2\/types\/product"}],"wp:featuredmedia":[{"embeddable":true,"href":"https:\/\/staging.nbg.eu\/fr\/wp-json\/wp\/v2\/media\/102524"}],"wp:attachment":[{"href":"https:\/\/staging.nbg.eu\/fr\/wp-json\/wp\/v2\/media?parent=63346"}],"wp:term":[{"taxonomy":"product_brand","embeddable":true,"href":"https:\/\/staging.nbg.eu\/fr\/wp-json\/wp\/v2\/product_brand?post=63346"},{"taxonomy":"product_cat","embeddable":true,"href":"https:\/\/staging.nbg.eu\/fr\/wp-json\/wp\/v2\/product_cat?post=63346"},{"taxonomy":"product_tag","embeddable":true,"href":"https:\/\/staging.nbg.eu\/fr\/wp-json\/wp\/v2\/product_tag?post=63346"}],"curies":[{"name":"wp","href":"https:\/\/api.w.org\/{rel}","templated":true}]}}