{"id":63289,"date":"2024-01-23T19:46:33","date_gmt":"2024-09-16T13:04:33","guid":{"rendered":"https:\/\/staging.nbg.eu\/product\/iosso-gunbrite\/"},"modified":"2024-09-16T13:05:22","modified_gmt":"2024-09-16T13:05:22","slug":"iosso-gunbrite","status":"publish","type":"product","link":"https:\/\/staging.nbg.eu\/fr\/produit\/iosso-gunbrite\/","title":{"rendered":"Iosso GunBrite"},"content":{"rendered":"<p>\nIosso GunBrite : Solution de nettoyage pour armes \u00e0 feu<\/p>\n<ul>\n<li>S\u00fbr pour toutes les finitions d&rsquo;armes<\/li>\n<li>\u00c9limine l&rsquo;encrassement, la rouille, le ternissement et la d\u00e9coloration<\/li>\n<li>Nettoie les anneaux de cylindre tenaces<\/li>\n<li>Laisse un rev\u00eatement protecteur non huileux<\/li>\n<li>R\u00e9siste aux empreintes digitales et \u00e0 l&rsquo;humidit\u00e9<\/li>\n<\/ul>\n<p>Entretenez vos armes \u00e0 feu avec Iosso GunBrite.<\/p>\n","protected":false},"excerpt":{"rendered":"<p>Iosso GunBrite : Nettoie, polit et prot\u00e8ge les armes \u00e0 feu en toute s\u00e9curit\u00e9.<\/p>\n","protected":false},"featured_media":102601,"template":"","meta":{"_acf_changed":false},"product_brand":[11481],"product_cat":[12174,12188],"product_tag":[],"class_list":{"0":"post-63289","1":"product","2":"type-product","3":"status-publish","4":"has-post-thumbnail","6":"product_brand-iosso","7":"product_cat-nettoyage-darmes","8":"product_cat-nettoyants","10":"first","11":"instock","12":"taxable","13":"shipping-taxable","14":"purchasable","15":"product-type-variable","16":"wvs-archive-product-wrapper"},"acf":[],"_links":{"self":[{"href":"https:\/\/staging.nbg.eu\/fr\/wp-json\/wp\/v2\/product\/63289","targetHints":{"allow":["GET"]}}],"collection":[{"href":"https:\/\/staging.nbg.eu\/fr\/wp-json\/wp\/v2\/product"}],"about":[{"href":"https:\/\/staging.nbg.eu\/fr\/wp-json\/wp\/v2\/types\/product"}],"wp:featuredmedia":[{"embeddable":true,"href":"https:\/\/staging.nbg.eu\/fr\/wp-json\/wp\/v2\/media\/102601"}],"wp:attachment":[{"href":"https:\/\/staging.nbg.eu\/fr\/wp-json\/wp\/v2\/media?parent=63289"}],"wp:term":[{"taxonomy":"product_brand","embeddable":true,"href":"https:\/\/staging.nbg.eu\/fr\/wp-json\/wp\/v2\/product_brand?post=63289"},{"taxonomy":"product_cat","embeddable":true,"href":"https:\/\/staging.nbg.eu\/fr\/wp-json\/wp\/v2\/product_cat?post=63289"},{"taxonomy":"product_tag","embeddable":true,"href":"https:\/\/staging.nbg.eu\/fr\/wp-json\/wp\/v2\/product_tag?post=63289"}],"curies":[{"name":"wp","href":"https:\/\/api.w.org\/{rel}","templated":true}]}}