{"id":63225,"date":"2024-01-23T19:51:36","date_gmt":"2024-09-16T13:03:00","guid":{"rendered":"https:\/\/staging.nbg.eu\/product\/iosso-sizing-lubricant-and-cleaner\/"},"modified":"2024-09-16T13:03:51","modified_gmt":"2024-09-16T13:03:51","slug":"lubrifiant-de-calibrage-et-nettoyant-iosso","status":"publish","type":"product","link":"https:\/\/staging.nbg.eu\/fr\/produit\/lubrifiant-de-calibrage-et-nettoyant-iosso\/","title":{"rendered":"Lubrifiant de calibrage et nettoyant Iosso"},"content":{"rendered":"<p>\nLubrifiant et nettoyant pour le calibrage Iosso : Une solution d&rsquo;origine biologique pour le calibrage des \u00e9tuis. Ce produit de 118 ml nettoie et lubrifie, \u00e9vitant les \u00e9tuis coinc\u00e9s et prolongeant la dur\u00e9e de vie des matrices. Facile \u00e0 utiliser, sans r\u00e9sidu ni odeur. Soluble dans l&rsquo;eau, biod\u00e9gradable et non inflammable. Emp\u00eache la corrosion et la rouille. Il suffit d&rsquo;enduire les \u00e9tuis, de les calibrer, puis de les essuyer ou de les rincer avant le rechargement.<\/p>\n","protected":false},"excerpt":{"rendered":"<p>Nettoyant et lubrifiant bio-sourc\u00e9 pour un dimensionnement plus fluide et des matrices plus durables.<\/p>\n","protected":false},"featured_media":107658,"template":"","meta":{"_acf_changed":false},"product_brand":[11481],"product_cat":[12188,12189],"product_tag":[],"class_list":{"0":"post-63225","1":"product","2":"type-product","3":"status-publish","4":"has-post-thumbnail","6":"product_brand-iosso","7":"product_cat-nettoyants","8":"product_cat-rechargement","10":"first","11":"instock","12":"taxable","13":"shipping-taxable","14":"purchasable","15":"product-type-variable","16":"wvs-archive-product-wrapper"},"acf":[],"_links":{"self":[{"href":"https:\/\/staging.nbg.eu\/fr\/wp-json\/wp\/v2\/product\/63225","targetHints":{"allow":["GET"]}}],"collection":[{"href":"https:\/\/staging.nbg.eu\/fr\/wp-json\/wp\/v2\/product"}],"about":[{"href":"https:\/\/staging.nbg.eu\/fr\/wp-json\/wp\/v2\/types\/product"}],"wp:featuredmedia":[{"embeddable":true,"href":"https:\/\/staging.nbg.eu\/fr\/wp-json\/wp\/v2\/media\/107658"}],"wp:attachment":[{"href":"https:\/\/staging.nbg.eu\/fr\/wp-json\/wp\/v2\/media?parent=63225"}],"wp:term":[{"taxonomy":"product_brand","embeddable":true,"href":"https:\/\/staging.nbg.eu\/fr\/wp-json\/wp\/v2\/product_brand?post=63225"},{"taxonomy":"product_cat","embeddable":true,"href":"https:\/\/staging.nbg.eu\/fr\/wp-json\/wp\/v2\/product_cat?post=63225"},{"taxonomy":"product_tag","embeddable":true,"href":"https:\/\/staging.nbg.eu\/fr\/wp-json\/wp\/v2\/product_tag?post=63225"}],"curies":[{"name":"wp","href":"https:\/\/api.w.org\/{rel}","templated":true}]}}