{"id":63146,"date":"2024-01-24T09:44:05","date_gmt":"2024-09-16T13:00:36","guid":{"rendered":"https:\/\/staging.nbg.eu\/product\/iosso-triple-action-oil-solution\/"},"modified":"2024-09-16T13:01:25","modified_gmt":"2024-09-16T13:01:25","slug":"solution-dhuile-triple-action-iosso","status":"publish","type":"product","link":"https:\/\/staging.nbg.eu\/fr\/produit\/solution-dhuile-triple-action-iosso\/","title":{"rendered":"Solution d&rsquo;huile triple action Iosso"},"content":{"rendered":"<p>\nSolution d&rsquo;huile \u00e0 triple action Iosso : Nettoyez, lubrifiez et prot\u00e9gez vos armes \u00e0 feu avec cette formule biod\u00e9gradable \u00e0 base de plantes. P\u00e9n\u00e8tre pour dissoudre la poudre, le carbone et la bourre en plastique. Lubrifiant pour les pi\u00e8ces et inhibiteur de corrosion. Fonctionne \u00e0 des temp\u00e9ratures extr\u00eames jusqu&rsquo;\u00e0 -65\u00b0C. \u00c9cologique et efficace pour le nettoyage du canon et l&rsquo;entretien des armes.<\/p>\n","protected":false},"excerpt":{"rendered":"<p>L&rsquo;huile \u00e9cologique nettoie, lubrifie et prot\u00e8ge efficacement les armes \u00e0 feu.<\/p>\n","protected":false},"featured_media":107612,"template":"","meta":{"_acf_changed":false},"product_brand":[11481],"product_cat":[12162,12174,12188],"product_tag":[],"class_list":{"0":"post-63146","1":"product","2":"type-product","3":"status-publish","4":"has-post-thumbnail","6":"product_brand-iosso","7":"product_cat-lubrifiants","8":"product_cat-nettoyage-darmes","9":"product_cat-nettoyants","11":"first","12":"instock","13":"taxable","14":"shipping-taxable","15":"purchasable","16":"product-type-variable","17":"wvs-archive-product-wrapper"},"acf":[],"_links":{"self":[{"href":"https:\/\/staging.nbg.eu\/fr\/wp-json\/wp\/v2\/product\/63146","targetHints":{"allow":["GET"]}}],"collection":[{"href":"https:\/\/staging.nbg.eu\/fr\/wp-json\/wp\/v2\/product"}],"about":[{"href":"https:\/\/staging.nbg.eu\/fr\/wp-json\/wp\/v2\/types\/product"}],"wp:featuredmedia":[{"embeddable":true,"href":"https:\/\/staging.nbg.eu\/fr\/wp-json\/wp\/v2\/media\/107612"}],"wp:attachment":[{"href":"https:\/\/staging.nbg.eu\/fr\/wp-json\/wp\/v2\/media?parent=63146"}],"wp:term":[{"taxonomy":"product_brand","embeddable":true,"href":"https:\/\/staging.nbg.eu\/fr\/wp-json\/wp\/v2\/product_brand?post=63146"},{"taxonomy":"product_cat","embeddable":true,"href":"https:\/\/staging.nbg.eu\/fr\/wp-json\/wp\/v2\/product_cat?post=63146"},{"taxonomy":"product_tag","embeddable":true,"href":"https:\/\/staging.nbg.eu\/fr\/wp-json\/wp\/v2\/product_tag?post=63146"}],"curies":[{"name":"wp","href":"https:\/\/api.w.org\/{rel}","templated":true}]}}