{"id":63090,"date":"2024-01-24T18:43:40","date_gmt":"2024-09-16T12:56:00","guid":{"rendered":"https:\/\/staging.nbg.eu\/product\/iosso-ar-bolt-carrier-key-tube-brush\/"},"modified":"2024-09-16T12:56:45","modified_gmt":"2024-09-16T12:56:45","slug":"brosse-de-tube-de-cle-de-porte-verrou-ar-iosso","status":"publish","type":"product","link":"https:\/\/staging.nbg.eu\/fr\/produit\/brosse-de-tube-de-cle-de-porte-verrou-ar-iosso\/","title":{"rendered":"Brosse de tube de cl\u00e9 de porte-verrou AR Iosso"},"content":{"rendered":"<p>\nBrosse pour tube de cl\u00e9 de transporteur de culasse AR Iosso : Taille adapt\u00e9e, \u00e9limine l&rsquo;accumulation de carbone. \u00c0 utiliser avec l&rsquo;huile Iosso. Ne laisse pas de r\u00e9sidus de peluches. Con\u00e7ue pour l&rsquo;entretien des AR.<\/p>\n","protected":false},"excerpt":{"rendered":"<p>Brosse pour tube de cl\u00e9 de transporteur de culasse AR Iosso : Nettoyez efficacement l&rsquo;accumulation de carbone.<\/p>\n","protected":false},"featured_media":102282,"template":"","meta":{"_acf_changed":false},"product_brand":[11481],"product_cat":[12201,12174],"product_tag":[],"class_list":{"0":"post-63090","1":"product","2":"type-product","3":"status-publish","4":"has-post-thumbnail","6":"product_brand-iosso","7":"product_cat-brosses","8":"product_cat-nettoyage-darmes","10":"first","11":"instock","12":"taxable","13":"shipping-taxable","14":"purchasable","15":"product-type-simple"},"acf":[],"_links":{"self":[{"href":"https:\/\/staging.nbg.eu\/fr\/wp-json\/wp\/v2\/product\/63090","targetHints":{"allow":["GET"]}}],"collection":[{"href":"https:\/\/staging.nbg.eu\/fr\/wp-json\/wp\/v2\/product"}],"about":[{"href":"https:\/\/staging.nbg.eu\/fr\/wp-json\/wp\/v2\/types\/product"}],"wp:featuredmedia":[{"embeddable":true,"href":"https:\/\/staging.nbg.eu\/fr\/wp-json\/wp\/v2\/media\/102282"}],"wp:attachment":[{"href":"https:\/\/staging.nbg.eu\/fr\/wp-json\/wp\/v2\/media?parent=63090"}],"wp:term":[{"taxonomy":"product_brand","embeddable":true,"href":"https:\/\/staging.nbg.eu\/fr\/wp-json\/wp\/v2\/product_brand?post=63090"},{"taxonomy":"product_cat","embeddable":true,"href":"https:\/\/staging.nbg.eu\/fr\/wp-json\/wp\/v2\/product_cat?post=63090"},{"taxonomy":"product_tag","embeddable":true,"href":"https:\/\/staging.nbg.eu\/fr\/wp-json\/wp\/v2\/product_tag?post=63090"}],"curies":[{"name":"wp","href":"https:\/\/api.w.org\/{rel}","templated":true}]}}