{"id":63048,"date":"2024-01-24T18:50:37","date_gmt":"2024-01-24T18:50:37","guid":{"rendered":"https:\/\/staging.nbg.eu\/product\/iosso-cleaning-brush-2-sided-2-pk\/"},"modified":"2024-09-16T12:54:14","modified_gmt":"2024-09-16T12:54:14","slug":"brosse-de-nettoyage-iosso-double-face-pack-de-2","status":"publish","type":"product","link":"https:\/\/staging.nbg.eu\/fr\/produit\/brosse-de-nettoyage-iosso-double-face-pack-de-2\/","title":{"rendered":"Brosse de nettoyage Iosso double face &#8211; pack de 2"},"content":{"rendered":"<p>\nLa brosse de nettoyage Iosso \u00e0 2 c\u00f4t\u00e9s &#8211; 2\/paquet est \u00e9quip\u00e9e de poils en nylon r\u00e9sistants pour un nettoyage efficace. Chaque paquet contient deux brosses avec un c\u00f4t\u00e9 large et long et un c\u00f4t\u00e9 \u00e9troit. Peut \u00eatre utilis\u00e9e avec l&rsquo;huile Triple Action, le nettoyant pour canon ou le polish pour m\u00e9tal d&rsquo;Iosso. Convient pour \u00e9liminer les r\u00e9sidus de carbone et de poudre dans les armes \u00e0 feu ou pour des applications industrielles.<\/p>\n","protected":false},"excerpt":{"rendered":"<p>Brosse en nylon double face pour un nettoyage polyvalent. Lot de 2.<\/p>\n","protected":false},"featured_media":63049,"template":"","meta":{"_acf_changed":false},"product_brand":[11481],"product_cat":[12201,12174],"product_tag":[],"class_list":{"0":"post-63048","1":"product","2":"type-product","3":"status-publish","4":"has-post-thumbnail","6":"product_brand-iosso","7":"product_cat-brosses","8":"product_cat-nettoyage-darmes","10":"first","11":"instock","12":"taxable","13":"shipping-taxable","14":"purchasable","15":"product-type-simple"},"acf":[],"_links":{"self":[{"href":"https:\/\/staging.nbg.eu\/fr\/wp-json\/wp\/v2\/product\/63048","targetHints":{"allow":["GET"]}}],"collection":[{"href":"https:\/\/staging.nbg.eu\/fr\/wp-json\/wp\/v2\/product"}],"about":[{"href":"https:\/\/staging.nbg.eu\/fr\/wp-json\/wp\/v2\/types\/product"}],"wp:featuredmedia":[{"embeddable":true,"href":"https:\/\/staging.nbg.eu\/fr\/wp-json\/wp\/v2\/media\/63049"}],"wp:attachment":[{"href":"https:\/\/staging.nbg.eu\/fr\/wp-json\/wp\/v2\/media?parent=63048"}],"wp:term":[{"taxonomy":"product_brand","embeddable":true,"href":"https:\/\/staging.nbg.eu\/fr\/wp-json\/wp\/v2\/product_brand?post=63048"},{"taxonomy":"product_cat","embeddable":true,"href":"https:\/\/staging.nbg.eu\/fr\/wp-json\/wp\/v2\/product_cat?post=63048"},{"taxonomy":"product_tag","embeddable":true,"href":"https:\/\/staging.nbg.eu\/fr\/wp-json\/wp\/v2\/product_tag?post=63048"}],"curies":[{"name":"wp","href":"https:\/\/api.w.org\/{rel}","templated":true}]}}