{"id":63006,"date":"2024-01-25T20:06:46","date_gmt":"2024-09-16T12:23:11","guid":{"rendered":"https:\/\/staging.nbg.eu\/product\/iosso-ar-rifle-gas-tube-cleaning-kit\/"},"modified":"2025-05-25T22:03:55","modified_gmt":"2025-05-25T19:03:55","slug":"kit-de-nettoyage-de-tube-de-gaz-pour-fusil-ar-iosso","status":"publish","type":"product","link":"https:\/\/staging.nbg.eu\/fr\/produit\/kit-de-nettoyage-de-tube-de-gaz-pour-fusil-ar-iosso\/","title":{"rendered":"Kit de nettoyage de tube de gaz pour fusil AR Iosso"},"content":{"rendered":"<p>\nLe kit de nettoyage de tube de gaz pour fusil AR Iosso comprend :<\/p>\n<ul>\n<li>Deux brosses sp\u00e9cialis\u00e9es pour tube de gaz<\/li>\n<li>Un tube guide transparent<\/li>\n<li>Huile Triple Action Iosso<\/li>\n<\/ul>\n<p>Nettoyez votre tube de gaz sans d\u00e9montage, assurant un bon fonctionnement du m\u00e9canisme et emp\u00eachant l&rsquo;accumulation de carbone. Ce syst\u00e8me de nettoyage permet de gagner du temps.<\/p>\n","protected":false},"excerpt":{"rendered":"<p>Nettoyeur de tube de gaz AR efficace &#8211; aucun d\u00e9montage n\u00e9cessaire.<\/p>\n","protected":false},"featured_media":102320,"template":"","meta":{"_acf_changed":false},"product_brand":[11481],"product_cat":[12201,12174],"product_tag":[],"class_list":{"0":"post-63006","1":"product","2":"type-product","3":"status-publish","4":"has-post-thumbnail","6":"product_brand-iosso","7":"product_cat-brosses","8":"product_cat-nettoyage-darmes","10":"first","11":"instock","12":"taxable","13":"shipping-taxable","14":"purchasable","15":"product-type-simple"},"acf":[],"_links":{"self":[{"href":"https:\/\/staging.nbg.eu\/fr\/wp-json\/wp\/v2\/product\/63006","targetHints":{"allow":["GET"]}}],"collection":[{"href":"https:\/\/staging.nbg.eu\/fr\/wp-json\/wp\/v2\/product"}],"about":[{"href":"https:\/\/staging.nbg.eu\/fr\/wp-json\/wp\/v2\/types\/product"}],"wp:featuredmedia":[{"embeddable":true,"href":"https:\/\/staging.nbg.eu\/fr\/wp-json\/wp\/v2\/media\/102320"}],"wp:attachment":[{"href":"https:\/\/staging.nbg.eu\/fr\/wp-json\/wp\/v2\/media?parent=63006"}],"wp:term":[{"taxonomy":"product_brand","embeddable":true,"href":"https:\/\/staging.nbg.eu\/fr\/wp-json\/wp\/v2\/product_brand?post=63006"},{"taxonomy":"product_cat","embeddable":true,"href":"https:\/\/staging.nbg.eu\/fr\/wp-json\/wp\/v2\/product_cat?post=63006"},{"taxonomy":"product_tag","embeddable":true,"href":"https:\/\/staging.nbg.eu\/fr\/wp-json\/wp\/v2\/product_tag?post=63006"}],"curies":[{"name":"wp","href":"https:\/\/api.w.org\/{rel}","templated":true}]}}