{"id":62904,"date":"2024-01-25T20:19:03","date_gmt":"2024-09-16T12:21:10","guid":{"rendered":"https:\/\/staging.nbg.eu\/product\/iosso-chamber-brushes-2-pack\/"},"modified":"2024-09-16T12:22:03","modified_gmt":"2024-09-16T12:22:03","slug":"brosses-de-chambre-iosso-pack-de-2","status":"publish","type":"product","link":"https:\/\/staging.nbg.eu\/fr\/produit\/brosses-de-chambre-iosso-pack-de-2\/","title":{"rendered":"Brosses de chambre Iosso pack de 2"},"content":{"rendered":"<p style=\"text-align: center\"><strong><span style=\"font-size: 170%\">Brosses de chambre losso (2 paquets)<\/span><\/strong><\/p>\n<p>Premi\u00e8re brosse pour nettoyer la chambre 6.5 Creedmoor. Dimensionn\u00e9es avec pr\u00e9cision pour un nettoyage optimal. Fabriqu\u00e9es en fibre bleue, \u00e9paisse, rigide et gardant sa forme, contrairement aux brosses traditionnelles en laiton et bronze. Utilisables plusieurs fois avant usure. Le paquet contient 2 brosses. Nettoyants recommand\u00e9s : Iosso Bore Cleaner et Iosso Triple Action Oil. <strong>Les brosses bleues sont une marque d\u00e9pos\u00e9e d&rsquo;Iosso Products.<\/strong><\/p>\n<table width=\"305\">\n<tbody>\n<tr>\n<td width=\"305\"><strong>Brosse de chambre AR-15 avec tige, lot de 2<\/strong><\/td>\n<\/tr>\n<tr>\n<td><strong>Brosse de chambre Grendel AR-15 6.5, lot de 2<\/strong><\/td>\n<\/tr>\n<tr>\n<td><strong>Brosse de chambre Creedmoor 6.5, lot de 2<\/strong><\/td>\n<\/tr>\n<tr>\n<td><strong>Brosse de chambre AR.308 avec tige, lot de 2<\/strong><\/td>\n<\/tr>\n<\/tbody>\n<\/table>\n","protected":false},"excerpt":{"rendered":"<p><strong>Premier goupillon pour nettoyer la chambre du 6.5 Creedmoor<\/strong><\/p>\n","protected":false},"featured_media":107681,"template":"","meta":{"_acf_changed":false},"product_brand":[11481],"product_cat":[12201,12174],"product_tag":[],"class_list":{"0":"post-62904","1":"product","2":"type-product","3":"status-publish","4":"has-post-thumbnail","6":"product_brand-iosso","7":"product_cat-brosses","8":"product_cat-nettoyage-darmes","9":"pa_model-6-5-creedmoor-fr","10":"pa_model-6-5-grendel-fr-2","11":"pa_model-ar-308-fr","12":"pa_model-ar-15-fr","14":"first","15":"instock","16":"taxable","17":"shipping-taxable","18":"purchasable","19":"product-type-variable","20":"wvs-archive-product-wrapper"},"acf":[],"_links":{"self":[{"href":"https:\/\/staging.nbg.eu\/fr\/wp-json\/wp\/v2\/product\/62904","targetHints":{"allow":["GET"]}}],"collection":[{"href":"https:\/\/staging.nbg.eu\/fr\/wp-json\/wp\/v2\/product"}],"about":[{"href":"https:\/\/staging.nbg.eu\/fr\/wp-json\/wp\/v2\/types\/product"}],"wp:featuredmedia":[{"embeddable":true,"href":"https:\/\/staging.nbg.eu\/fr\/wp-json\/wp\/v2\/media\/107681"}],"wp:attachment":[{"href":"https:\/\/staging.nbg.eu\/fr\/wp-json\/wp\/v2\/media?parent=62904"}],"wp:term":[{"taxonomy":"product_brand","embeddable":true,"href":"https:\/\/staging.nbg.eu\/fr\/wp-json\/wp\/v2\/product_brand?post=62904"},{"taxonomy":"product_cat","embeddable":true,"href":"https:\/\/staging.nbg.eu\/fr\/wp-json\/wp\/v2\/product_cat?post=62904"},{"taxonomy":"product_tag","embeddable":true,"href":"https:\/\/staging.nbg.eu\/fr\/wp-json\/wp\/v2\/product_tag?post=62904"}],"curies":[{"name":"wp","href":"https:\/\/api.w.org\/{rel}","templated":true}]}}