{"id":62518,"date":"2024-02-13T19:59:19","date_gmt":"2024-09-16T11:57:09","guid":{"rendered":"https:\/\/staging.nbg.eu\/product\/geissele-chf-chrome-lined-barrel-5-56-12-5\/"},"modified":"2024-09-16T11:57:59","modified_gmt":"2024-09-16T11:57:59","slug":"canon-geissele-chf-chrome-556-125","status":"publish","type":"product","link":"https:\/\/staging.nbg.eu\/fr\/produit\/canon-geissele-chf-chrome-556-125\/","title":{"rendered":"Canon Geissele CHF Chrom\u00e9, 5.56 &#8211; 12.5&Prime;"},"content":{"rendered":"<div class=\"product-description\">\n<h2>Canon Geissele CHF chrom\u00e9 &#8211; 5,56<\/h2>\n<p>Le canon Geissele CHF chrom\u00e9 en 5,56 OTAN est fabriqu\u00e9 \u00e0 North Wales, PA. Ce canon combine technologie et savoir-faire.<\/p>\n<ul>\n<li>Forg\u00e9 \u00e0 froid (CHF) pour la r\u00e9sistance et la long\u00e9vit\u00e9<\/li>\n<li>Chrom\u00e9 pour une meilleure r\u00e9sistance \u00e0 la corrosion et un nettoyage facilit\u00e9<\/li>\n<li>Test\u00e9 \u00e0 haute pression (HPT) et inspect\u00e9 par particules magn\u00e9tiques (MPI) pour assurer la qualit\u00e9<\/li>\n<li>Adapt\u00e9 aux armes de service, de comp\u00e9tition et autres utilisations<\/li>\n<li>Usin\u00e9 avec pr\u00e9cision \u00e0 partir de mat\u00e9riaux de qualit\u00e9 pour la coh\u00e9rence et la pr\u00e9cision<\/li>\n<\/ul>\n<p>Choisissez Geissele pour des performances dans toutes les situations.<\/p>\n<\/div>\n","protected":false},"excerpt":{"rendered":"<p>Canon forg\u00e9 de pr\u00e9cision pour calibre 5,56. Test\u00e9 HPT\/MPI pour une fiabilit\u00e9 optimale.<\/p>\n","protected":false},"featured_media":62519,"template":"","meta":{"_acf_changed":false},"product_brand":[11381],"product_cat":[12167,12190,12193,12142],"product_tag":[],"class_list":{"0":"post-62518","1":"product","2":"type-product","3":"status-publish","4":"has-post-thumbnail","6":"product_brand-geissele","7":"product_cat-canons","8":"product_cat-carabines","9":"product_cat-fusil","10":"product_cat-tuning-carabine","12":"first","13":"instock","14":"taxable","15":"shipping-taxable","16":"product-type-simple"},"acf":[],"_links":{"self":[{"href":"https:\/\/staging.nbg.eu\/fr\/wp-json\/wp\/v2\/product\/62518","targetHints":{"allow":["GET"]}}],"collection":[{"href":"https:\/\/staging.nbg.eu\/fr\/wp-json\/wp\/v2\/product"}],"about":[{"href":"https:\/\/staging.nbg.eu\/fr\/wp-json\/wp\/v2\/types\/product"}],"wp:featuredmedia":[{"embeddable":true,"href":"https:\/\/staging.nbg.eu\/fr\/wp-json\/wp\/v2\/media\/62519"}],"wp:attachment":[{"href":"https:\/\/staging.nbg.eu\/fr\/wp-json\/wp\/v2\/media?parent=62518"}],"wp:term":[{"taxonomy":"product_brand","embeddable":true,"href":"https:\/\/staging.nbg.eu\/fr\/wp-json\/wp\/v2\/product_brand?post=62518"},{"taxonomy":"product_cat","embeddable":true,"href":"https:\/\/staging.nbg.eu\/fr\/wp-json\/wp\/v2\/product_cat?post=62518"},{"taxonomy":"product_tag","embeddable":true,"href":"https:\/\/staging.nbg.eu\/fr\/wp-json\/wp\/v2\/product_tag?post=62518"}],"curies":[{"name":"wp","href":"https:\/\/api.w.org\/{rel}","templated":true}]}}