{"id":62367,"date":"2024-02-14T06:58:29","date_gmt":"2024-09-16T11:49:56","guid":{"rendered":"https:\/\/staging.nbg.eu\/product\/geissele-super-mcx-ssa-m4-curved-trigger\/"},"modified":"2024-09-16T11:50:43","modified_gmt":"2024-09-16T11:50:43","slug":"detente-geissele-super-mcx-ssa-m4-courbee","status":"publish","type":"product","link":"https:\/\/staging.nbg.eu\/fr\/produit\/detente-geissele-super-mcx-ssa-m4-courbee\/","title":{"rendered":"D\u00e9tente Geissele Super MCX SSA &#8211; M4 Courb\u00e9e"},"content":{"rendered":"<div class=\"product-description\">\n<h2>D\u00e9tente Geissele Super MCX SSA &#8211; M4 Courb\u00e9e<\/h2>\n<p>Le Geissele Super MCX SSA est une d\u00e9tente \u00e0 deux \u00e9tapes inspir\u00e9e du combat. D\u00e9riv\u00e9e de notre d\u00e9tente M4 certifi\u00e9e CRANE Safety, cette d\u00e9tente non r\u00e9glable d&rsquo;environ 2 kg offre :<\/p>\n<ul>\n<li>Un contr\u00f4le pr\u00e9cis et exact de la d\u00e9tente<\/li>\n<li>Suffisamment l\u00e9g\u00e8re pour des applications de pr\u00e9cision<\/li>\n<li>Adapt\u00e9e pour des sc\u00e9narios exigeants comme le CQB<\/li>\n<li>Convient pour la chasse, les forces de l&rsquo;ordre et l&rsquo;usage militaire<\/li>\n<\/ul>\n<p>Le Super MCX SSA combine performance, fiabilit\u00e9, s\u00e9curit\u00e9 et polyvalence, ce qui en fait une d\u00e9tente polyvalente pour votre arme \u00e0 feu.<\/p>\n<\/div>\n","protected":false},"excerpt":{"rendered":"<p>D\u00e9tente \u00e0 2 \u00e9tages haute performance pour la pr\u00e9cision et le CQB. Force de traction de 2 kg.<\/p>\n","protected":false},"featured_media":62368,"template":"","meta":{"_acf_changed":false},"product_brand":[11381],"product_cat":[12130,12193,12142],"product_tag":[],"class_list":{"0":"post-62367","1":"product","2":"type-product","3":"status-publish","4":"has-post-thumbnail","6":"product_brand-geissele","7":"product_cat-detentes","8":"product_cat-fusil","9":"product_cat-tuning-carabine","11":"first","12":"instock","13":"taxable","14":"shipping-taxable","15":"product-type-simple"},"acf":[],"_links":{"self":[{"href":"https:\/\/staging.nbg.eu\/fr\/wp-json\/wp\/v2\/product\/62367","targetHints":{"allow":["GET"]}}],"collection":[{"href":"https:\/\/staging.nbg.eu\/fr\/wp-json\/wp\/v2\/product"}],"about":[{"href":"https:\/\/staging.nbg.eu\/fr\/wp-json\/wp\/v2\/types\/product"}],"wp:featuredmedia":[{"embeddable":true,"href":"https:\/\/staging.nbg.eu\/fr\/wp-json\/wp\/v2\/media\/62368"}],"wp:attachment":[{"href":"https:\/\/staging.nbg.eu\/fr\/wp-json\/wp\/v2\/media?parent=62367"}],"wp:term":[{"taxonomy":"product_brand","embeddable":true,"href":"https:\/\/staging.nbg.eu\/fr\/wp-json\/wp\/v2\/product_brand?post=62367"},{"taxonomy":"product_cat","embeddable":true,"href":"https:\/\/staging.nbg.eu\/fr\/wp-json\/wp\/v2\/product_cat?post=62367"},{"taxonomy":"product_tag","embeddable":true,"href":"https:\/\/staging.nbg.eu\/fr\/wp-json\/wp\/v2\/product_tag?post=62367"}],"curies":[{"name":"wp","href":"https:\/\/api.w.org\/{rel}","templated":true}]}}