{"id":62331,"date":"2024-02-14T07:09:17","date_gmt":"2024-09-16T11:47:19","guid":{"rendered":"https:\/\/staging.nbg.eu\/product\/geissele-super-semi-automatic-ssa-trigger\/"},"modified":"2024-09-16T11:48:06","modified_gmt":"2024-09-16T11:48:06","slug":"detente-geissele-super-semi-automatique-ssa","status":"publish","type":"product","link":"https:\/\/staging.nbg.eu\/fr\/produit\/detente-geissele-super-semi-automatique-ssa\/","title":{"rendered":"D\u00e9tente Geissele Super Semi-Automatique (SSA\u00ae)"},"content":{"rendered":"<h2>D\u00e9tente Geissele Super Semi-Automatique (SSA\u00ae)<\/h2>\n<p>La d\u00e9tente Geissele SSA\u00ae est une adaptation semi-automatique de la d\u00e9tente Super Select-Fire. Cette d\u00e9tente \u00e0 deux \u00e9tages non r\u00e9glable offre :<\/p>\n<ul>\n<li>Pr\u00e9cision pour des tirs exacts<\/li>\n<li>Adaptabilit\u00e9 pour le combat rapproch\u00e9<\/li>\n<li>Certification de s\u00e9curit\u00e9 par le Crane Naval Surface Warfare Center<\/li>\n<li>Adapt\u00e9e aux forces de l&rsquo;ordre et aux environnements dynamiques<\/li>\n<\/ul>\n<p>La conception de la SSA\u00ae permet une touche l\u00e9g\u00e8re pour la pr\u00e9cision \u00e0 longue distance tout en conservant la tol\u00e9rance n\u00e9cessaire pour les situations de tir rapide. Que ce soit pour le travail \u00e0 moyenne distance avec une carabine ou dans des sc\u00e9narios \u00e0 haute tension, la d\u00e9tente Geissele SSA\u00ae offre une performance constante et fiable.<\/p>\n<p>Am\u00e9liorez les capacit\u00e9s de votre arme \u00e0 feu avec ce syst\u00e8me de d\u00e9tente \u00e9prouv\u00e9 au combat.<\/p>\n","protected":false},"excerpt":{"rendered":"<p>D\u00e9tente \u00e0 deux \u00e9tages de pr\u00e9cision pour un tir polyvalent et pr\u00e9cis.<\/p>\n","protected":false},"featured_media":62242,"template":"","meta":{"_acf_changed":false},"product_brand":[11381],"product_cat":[12130,12193,12142],"product_tag":[],"class_list":{"0":"post-62331","1":"product","2":"type-product","3":"status-publish","4":"has-post-thumbnail","6":"product_brand-geissele","7":"product_cat-detentes","8":"product_cat-fusil","9":"product_cat-tuning-carabine","11":"first","12":"instock","13":"taxable","14":"shipping-taxable","15":"product-type-simple"},"acf":[],"_links":{"self":[{"href":"https:\/\/staging.nbg.eu\/fr\/wp-json\/wp\/v2\/product\/62331","targetHints":{"allow":["GET"]}}],"collection":[{"href":"https:\/\/staging.nbg.eu\/fr\/wp-json\/wp\/v2\/product"}],"about":[{"href":"https:\/\/staging.nbg.eu\/fr\/wp-json\/wp\/v2\/types\/product"}],"wp:featuredmedia":[{"embeddable":true,"href":"https:\/\/staging.nbg.eu\/fr\/wp-json\/wp\/v2\/media\/62242"}],"wp:attachment":[{"href":"https:\/\/staging.nbg.eu\/fr\/wp-json\/wp\/v2\/media?parent=62331"}],"wp:term":[{"taxonomy":"product_brand","embeddable":true,"href":"https:\/\/staging.nbg.eu\/fr\/wp-json\/wp\/v2\/product_brand?post=62331"},{"taxonomy":"product_cat","embeddable":true,"href":"https:\/\/staging.nbg.eu\/fr\/wp-json\/wp\/v2\/product_cat?post=62331"},{"taxonomy":"product_tag","embeddable":true,"href":"https:\/\/staging.nbg.eu\/fr\/wp-json\/wp\/v2\/product_tag?post=62331"}],"curies":[{"name":"wp","href":"https:\/\/api.w.org\/{rel}","templated":true}]}}